{"id":14,"date":"2016-02-17T13:52:15","date_gmt":"2016-02-17T12:52:15","guid":{"rendered":"http:\/\/biblioteka2.pwsz.chelm.pl\/?page_id=14"},"modified":"2022-05-16T12:46:44","modified_gmt":"2022-05-16T10:46:44","slug":"biblioteka-glowna-2","status":"publish","type":"page","link":"https:\/\/biblioteka.panschelm.edu.pl\/?page_id=14","title":{"rendered":"Biblioteka G\u0142\u00f3wna"},"content":{"rendered":"<p><strong>Adres:<\/strong><br \/>\n22-100 Che\u0142m<\/p>\n<p style=\"text-align: justify;\">ul. Pocztowa 54<\/p>\n<p><strong>Kontakt:<\/strong><br \/>\ntel. 82 565 64 82<br \/>\ne-mail: <a href=\"mailto:biblioteka@panschelm.edu.pl\">biblioteka@panschelm.edu.pl<\/a><\/p>\n<p><strong>Wypo\u017cyczalnia:<\/strong><br \/>\nProwadzone s\u0105 wypo\u017cyczenia zbior\u00f3w dla pracownik\u00f3w i student\u00f3w wszystkich kierunk\u00f3w PANS w Che\u0142mie, na podstawie karty bibliotecznej.<br \/>\nWszystkie wypo\u017cyczenia s\u0105 rejestrowane w bibliotecznym systemie komputerowym SOWA2\/MARC21.<\/p>\n<p><strong>Wypo\u017cyczenia mi\u0119dzybiblioteczne:<\/strong><br \/>\nZasady wypo\u017cycze\u0144 mi\u0119dzybibliotecznych okre\u015bla odr\u0119bny regulamin<\/p>\n<p><strong>Czytelnia G\u0142\u00f3wna:<\/strong><br \/>\nKsi\u0105\u017cki i czasopisma s\u0105 udost\u0119pniane na miejscu dla pracownik\u00f3w i student\u00f3w wszystkich kierunk\u00f3w PANS w Che\u0142mie oraz dla os\u00f3b nieb\u0119d\u0105cych pracownikami i studentami Uczelni, na podstawie karty bibliotecznej lub innego dokumentu to\u017csamo\u015bci (legitymacja, indeks, dow\u00f3d osobisty).Czytelnia dysponuje 40 miejscami do pracy.<br \/>\nGromadzone s\u0105 czasopisma z zakresu matematyki, informatyki, mechaniki, budownictwa, lotnictwa, rolnictwa, pedagogiki,\u00a0piel\u0119gniarstwa, stosunk\u00f3w mi\u0119dzynarodowych oraz bezpiecze\u0144stwa wewn\u0119trznego &#8211; polskie i obcoj\u0119zyczne.<br \/>\nStanowiska komputerowe s\u0105 udost\u0119pniane pracownikom i studentom PANS w Che\u0142mie.<\/p>\n<p>Zasady korzystania okre\u015bla regulamin<\/p>\n<p><strong>Informacja o zbiorach:<\/strong><br \/>\nGromadzone s\u0105 zbiory pi\u015bmiennicze, audiowizualne i multimedialne dostosowane do specjalno\u015bci prowadzonych przez PANS.<\/p>\n<p><strong>Katalogi:<\/strong><br \/>\n<a href=\"http:\/\/katalog.pwsz.chelm.pl\/\">on-line<\/a><\/p>\n<p><strong>Oznaczenie sygnatur:<\/strong><br \/>\n<strong>Czyt.<\/strong> &#8211; ksi\u0105\u017cka dost\u0119pna w Czytelni G\u0142\u00f3wnej,<br \/>\n<strong>Bez wyr\u00f3\u017cnika literowego <\/strong>&#8211; ksi\u0105\u017cka przeznaczona do wypo\u017cycze\u0144,<br \/>\n<strong>H<\/strong> &#8211; ksi\u0105\u017cka przeznaczona do wypo\u017cycze\u0144,<br \/>\n<strong>\/O<\/strong> &#8211; ksi\u0105\u017cka obcoj\u0119zyczna przeznaczona do wypo\u017cycze\u0144 w Bibliotece G\u0142\u00f3wnej,<br \/>\n<strong>N<\/strong> &#8211; oznacza, \u017ce dokument jest norm\u0105,<br \/>\n<strong>E<\/strong> &#8211; oznacza, \u017ce jest to dokument elektroniczny,<br \/>\n<strong>TM<\/strong> &#8211; oznacza ta\u015bm\u0119 magnetofonow\u0105,<br \/>\n<strong>IL<\/strong> &#8211; oznacza zbiory ilustracyjne, mapy,<br \/>\n<strong>TH<\/strong> &#8211; oznacza dokumenty techniczno-handlowe,<\/p>\n","protected":false},"excerpt":{"rendered":"<p>Adres: 22-100 Che\u0142m ul. Pocztowa 54 Kontakt: tel. 82 565 64 82 e-mail: biblioteka@panschelm.edu.pl Wypo\u017cyczalnia: Prowadzone s\u0105 wypo\u017cyczenia zbior\u00f3w dla pracownik\u00f3w i student\u00f3w wszystkich kierunk\u00f3w PANS w Che\u0142mie, na podstawie karty bibliotecznej. Wszystkie wypo\u017cyczenia s\u0105 rejestrowane w bibliotecznym systemie komputerowym SOWA2\/MARC21. Wypo\u017cyczenia mi\u0119dzybiblioteczne: Zasady wypo\u017cycze\u0144 mi\u0119dzybibliotecznych okre\u015bla odr\u0119bny regulamin Czytelnia G\u0142\u00f3wna: Ksi\u0105\u017cki i czasopisma s\u0105 [&hellip;]<\/p>\n","protected":false},"author":1,"featured_media":0,"parent":0,"menu_order":0,"comment_status":"closed","ping_status":"closed","template":"","meta":{"footnotes":""},"class_list":["post-14","page","type-page","status-publish","hentry"],"_links":{"self":[{"href":"https:\/\/biblioteka.panschelm.edu.pl\/index.php?rest_route=\/wp\/v2\/pages\/14","targetHints":{"allow":["GET"]}}],"collection":[{"href":"https:\/\/biblioteka.panschelm.edu.pl\/index.php?rest_route=\/wp\/v2\/pages"}],"about":[{"href":"https:\/\/biblioteka.panschelm.edu.pl\/index.php?rest_route=\/wp\/v2\/types\/page"}],"author":[{"embeddable":true,"href":"https:\/\/biblioteka.panschelm.edu.pl\/index.php?rest_route=\/wp\/v2\/users\/1"}],"replies":[{"embeddable":true,"href":"https:\/\/biblioteka.panschelm.edu.pl\/index.php?rest_route=%2Fwp%2Fv2%2Fcomments&post=14"}],"version-history":[{"count":4,"href":"https:\/\/biblioteka.panschelm.edu.pl\/index.php?rest_route=\/wp\/v2\/pages\/14\/revisions"}],"predecessor-version":[{"id":1037,"href":"https:\/\/biblioteka.panschelm.edu.pl\/index.php?rest_route=\/wp\/v2\/pages\/14\/revisions\/1037"}],"wp:attachment":[{"href":"https:\/\/biblioteka.panschelm.edu.pl\/index.php?rest_route=%2Fwp%2Fv2%2Fmedia&parent=14"}],"curies":[{"name":"wp","href":"https:\/\/api.w.org\/{rel}","templated":true}]}}