{"id":20,"date":"2016-02-17T13:55:01","date_gmt":"2016-02-17T12:55:01","guid":{"rendered":"http:\/\/biblioteka2.pwsz.chelm.pl\/?page_id=20"},"modified":"2026-04-10T14:45:21","modified_gmt":"2026-04-10T12:45:21","slug":"godziny-otwarcia","status":"publish","type":"page","link":"https:\/\/biblioteka.panschelm.edu.pl\/?page_id=20","title":{"rendered":"Godziny otwarcia"},"content":{"rendered":"<p><strong>Wypo\u017cyczalni i Czytelni Biblioteki G\u0142\u00f3wnej w kwietniu 2026 r.:<\/strong><\/p>\n<blockquote><p>Poniedzia\u0142ek: 7.30-15.30<br \/>\nWtorek: 7.30-15.30<br \/>\n\u015aroda: 7.30-15.30<br \/>\nCzwartek: 7.30-15.30<br \/>\nPi\u0105tek: 7.30-15.30<\/p>\n<p>Sobota: 9.00 \u2013 13.00 (dy\u017cur:<strong> 11, 18, 25 kwietnia<\/strong><strong>)<\/strong><\/p>\n<p><strong>w pozosta\u0142e soboty Biblioteka nieczynna<\/strong><\/p><\/blockquote>\n","protected":false},"excerpt":{"rendered":"<p>Wypo\u017cyczalni i Czytelni Biblioteki G\u0142\u00f3wnej w kwietniu 2026 r.: Poniedzia\u0142ek: 7.30-15.30 Wtorek: 7.30-15.30 \u015aroda: 7.30-15.30 Czwartek: 7.30-15.30 Pi\u0105tek: 7.30-15.30 Sobota: 9.00 \u2013 13.00 (dy\u017cur: 11, 18, 25 kwietnia) w pozosta\u0142e soboty Biblioteka nieczynna<\/p>\n","protected":false},"author":1,"featured_media":0,"parent":0,"menu_order":0,"comment_status":"closed","ping_status":"closed","template":"","meta":{"footnotes":""},"class_list":["post-20","page","type-page","status-publish","hentry"],"_links":{"self":[{"href":"https:\/\/biblioteka.panschelm.edu.pl\/index.php?rest_route=\/wp\/v2\/pages\/20","targetHints":{"allow":["GET"]}}],"collection":[{"href":"https:\/\/biblioteka.panschelm.edu.pl\/index.php?rest_route=\/wp\/v2\/pages"}],"about":[{"href":"https:\/\/biblioteka.panschelm.edu.pl\/index.php?rest_route=\/wp\/v2\/types\/page"}],"author":[{"embeddable":true,"href":"https:\/\/biblioteka.panschelm.edu.pl\/index.php?rest_route=\/wp\/v2\/users\/1"}],"replies":[{"embeddable":true,"href":"https:\/\/biblioteka.panschelm.edu.pl\/index.php?rest_route=%2Fwp%2Fv2%2Fcomments&post=20"}],"version-history":[{"count":46,"href":"https:\/\/biblioteka.panschelm.edu.pl\/index.php?rest_route=\/wp\/v2\/pages\/20\/revisions"}],"predecessor-version":[{"id":1343,"href":"https:\/\/biblioteka.panschelm.edu.pl\/index.php?rest_route=\/wp\/v2\/pages\/20\/revisions\/1343"}],"wp:attachment":[{"href":"https:\/\/biblioteka.panschelm.edu.pl\/index.php?rest_route=%2Fwp%2Fv2%2Fmedia&parent=20"}],"curies":[{"name":"wp","href":"https:\/\/api.w.org\/{rel}","templated":true}]}}