{"id":24,"date":"2016-02-17T14:19:12","date_gmt":"2016-02-17T13:19:12","guid":{"rendered":"http:\/\/biblioteka2.pwsz.chelm.pl\/?page_id=24"},"modified":"2025-05-26T14:44:19","modified_gmt":"2025-05-26T12:44:19","slug":"regulamin-korzystania-ze-zbiorow","status":"publish","type":"page","link":"https:\/\/biblioteka.panschelm.edu.pl\/?page_id=24","title":{"rendered":"Regulamin korzystania ze zbior\u00f3w"},"content":{"rendered":"<h1 style=\"text-align: center; font-size:30px;\">Regulamin korzystania ze zbior\u00f3w Biblioteki Pa\u0144stwowej Akademii Nauk Stosowanych w Che\u0142mie<\/h1>\n<h2 style=\"text-align: center;\">I. Og\u00f3lne zasady udost\u0119pniania zbior\u00f3w<\/h2>\n<p style=\"text-align: center;\">\u00a71<\/p>\n<ol>\n<li>W Uczelni dzia\u0142a jednolity system biblioteczno-informacyjny, kt\u00f3rego podstaw\u0119 stanowi Biblioteka Uczelniana, w sk\u0142ad kt\u00f3rej wchodz\u0105 Biblioteka G\u0142\u00f3wna i\u00a0Biblioteki Instytutowe.<\/li>\n<li>Biblioteki wchodz\u0105ce w sk\u0142ad systemu biblioteczno-informacyjnego udost\u0119pniaj\u0105 swoje zbiory na zasadach okre\u015blonych w Regulaminie.<\/li>\n<\/ol>\n<p style=\"text-align: center;\">\u00a72<\/p>\n<ol>\n<li>Biblioteka G\u0142\u00f3wna udost\u0119pnia zbiory:\n<ul>\n<li>na miejscu \u2013 w Czytelni;<\/li>\n<li>poza Bibliotek\u0119 \u2013 przez wypo\u017cyczenia indywidualne;<\/li>\n<li>przez wypo\u017cyczenia mi\u0119dzybiblioteczne.<\/li>\n<\/ul>\n<\/li>\n<li>Biblioteki Instytutowe udost\u0119pniaj\u0105 swoje zbiory jedynie w Czytelni.<\/li>\n<\/ol>\n<p style=\"text-align: center;\">\u00a73<\/p>\n<ol>\n<li>Do korzystania z Biblioteki Uczelnianej, zwanej dalej \u201eBibliotek\u0105\u201d uprawnieni s\u0105:\n<ul>\n<li>nauczyciele akademiccy PANS w Che\u0142mie (w tym osoby \u015bwiadcz\u0105ce prac\u0119 na podstawie um\u00f3w cywilno-prawnych);<\/li>\n<li>pracownicy PANS w Che\u0142mie nieb\u0119d\u0105cy nauczycielami akademickimi;<\/li>\n<li>studenci studi\u00f3w stacjonarnych i niestacjonarnych PANS w Che\u0142mie;<\/li>\n<li>uczestnicy studi\u00f3w podyplomowych PANS w Che\u0142mie;<\/li>\n<li>s\u0142uchacze Uniwersytetu III Wieku przy PANS w Che\u0142mie;<\/li>\n<li>emerytowani pracownicy PANS w Che\u0142mie;<\/li>\n<li>osoby uprawnione na podstawie odr\u0119bnych um\u00f3w i porozumie\u0144;<\/li>\n<li>inne osoby, niewymienione w pkt 1-7.<\/li>\n<\/ul>\n<\/li>\n<li>Osoby nieb\u0119d\u0105ce pracownikami, emerytowanymi pracownikami, studentami lub uczestnikami studi\u00f3w podyplomowych Uczelni, a tak\u017ce s\u0142uchaczami Uniwersytetu III Wieku przy PANS w Che\u0142mie, maj\u0105 prawo korzysta\u0107 z systemu biblioteczno-informacyjnego w Czytelni, po\u00a0zarejestrowaniu si\u0119 w ksi\u0119dze odwiedzin.<\/li>\n<li>Osoby o kt\u00f3rych mowa w ust. 2 mog\u0105 korzysta\u0107 z wypo\u017cyczalni Biblioteki Uczelnianej, jedynie po wniesieniu kaucji za wypo\u017cyczone dzie\u0142o.<\/li>\n<li>Wysoko\u015b\u0107 kaucji, o kt\u00f3rej mowa w ust. 3 jest ustalana przez Bibliotek\u0119 w zale\u017cno\u015bci od warto\u015bci wypo\u017cyczanego dzie\u0142a. Minimalna wysoko\u015b\u0107 kaucji wynosi 50 z\u0142. Pracownik Biblioteki pobieraj\u0105cy kaucj\u0119 wystawia u\u017cytkownikowi odpowiednie pokwitowanie.<\/li>\n<li>Kaucja jest zwracana po terminowym zwrocie dzie\u0142a.<\/li>\n<li>W przypadku zwrotu dzie\u0142a po terminie, o kt\u00f3rym mowa w \u00a7 11 ust. 1 pkt 3, uszkodzenia, zniszczenia lub niezwr\u00f3cenie dzie\u0142a, Biblioteka mo\u017ce pomniejszy\u0107 wysoko\u015b\u0107 zwracanej kaucji, odpowiednio o nale\u017cno\u015b\u0107 z tytu\u0142u nieterminowego zwrotu dzie\u0142a, pokrycia koszt\u00f3w oprawy dzie\u0142a lub pokrycia koszt\u00f3w zagubionego dzie\u0142a.<\/li>\n<\/ol>\n<p style=\"text-align: center;\">\u00a74<\/p>\n<ol>\n<li>Do korzystania ze zbior\u00f3w Biblioteki uprawnia legitymacja studencka lub karta biblioteczna.<\/li>\n<li>Studenci PANS w Che\u0142mie prawo do korzystania ze zbior\u00f3w Biblioteki nabywaj\u0105 z chwil\u0105 aktywowania konta bibliotecznego &#8211; na podstawie elektronicznej legitymacji studenckiej studenta PANS w Che\u0142mie oraz po z\u0142o\u017ceniu na karcie zapisu czytelnika, podpisu pod o\u015bwiadczeniem o przestrzeganiu Regulaminu oraz wyra\u017ceniu zgody na wykorzystanie danych osobowych przez Bibliotek\u0119 PANS w Che\u0142mie dla cel\u00f3w ewidencji i statystyki bibliotecznej.<\/li>\n<li>Osoby wymienione w \u00a7 3 ust. 1 pkt. 1 i 2 oraz pkt. 4 &#8211; 7 nabywaj\u0105 prawo do korzystania ze zbior\u00f3w Biblioteki z chwil\u0105 otrzymania karty bibliotecznej, kt\u00f3r\u0105 wystawia Wypo\u017cyczalnia \u2013 na podstawie indeksu studi\u00f3w podyplomowych, indeksu s\u0142uchacza Uniwersytetu III Wieku, okazaniu paszportu\/numeru PESEL lub aktualnej legitymacji s\u0142u\u017cbowej nauczyciela akademickiego oraz po z\u0142o\u017ceniu deklaracji i zobowi\u0105zania o przestrzeganiu Regulaminu oraz wyra\u017ceniu zgody na wykorzystanie danych osobowych przez Bibliotek\u0119 PANS w Che\u0142mie dla cel\u00f3w ewidencji<br \/>\ni statystyki bibliotecznej.<\/li>\n<li>Czytelnik zobowi\u0105zany jest informowa\u0107 Bibliotek\u0119 o zmianie danych osobowych. Dane osobowe czytelnik\u00f3w Biblioteki wykorzystywane s\u0105 wy\u0142\u0105cznie w celach zwi\u0105zanych z funkcjonowaniem systemu biblioteczno-informacyjnego Uczelni<br \/>\ni przetwarzane s\u0105 zgodnie z Rozporz\u0105dzeniem Parlamentu Europejskiego i Rady (UE) 2016\/679 z dnia 27 kwietnia 2016 r. w sprawie ochrony os\u00f3b fizycznych w zwi\u0105zku z przetwarzaniem danych osobowych i w sprawie swobodnego przep\u0142ywu takich danych oraz uchylenia dyrektywy 95\/46\/WE (og\u00f3lne rozporz\u0105dzenie o ochronie danych) zwane RODO.<\/li>\n<li>Karta biblioteczna jest wa\u017cna przez ca\u0142y okres posiadania statusu osoby, o kt\u00f3rej mowa w \u00a7 3 ust. 1 pkt 1 i 2 oraz pkt 4-7.<\/li>\n<li>Karty bibliotecznej nie wolno odst\u0119powa\u0107 osobom trzecim pod rygorem utraty prawa do wypo\u017cyczania zbior\u00f3w.<\/li>\n<li>Zagubienie karty nale\u017cy niezw\u0142ocznie zg\u0142osi\u0107 bibliotekarzowi, w przeciwnym wypadku w\u0142a\u015bciciel ponosi konsekwencje z tytu\u0142u obci\u0105\u017cenia konta czytelnika przez inn\u0105 osob\u0119. W przypadku zagubienia karty, wydaje si\u0119 jej duplikat.<\/li>\n<\/ol>\n<p style=\"text-align: center;\">\u00a75<\/p>\n<ol>\n<li>Czytelnik mo\u017ce posiada\u0107 jedno konto biblioteczne.<\/li>\n<li>Pracownicy rozwi\u0105zuj\u0105cy stosunek pracy, studenci, uczestnicy studi\u00f3w podyplomowych, s\u0142uchacze Uniwersytetu III Wieku, odchodz\u0105cy z Uczelni, zobowi\u0105zani s\u0105 do uregulowania swoich zaleg\u0142o\u015bci wobec Biblioteki.<\/li>\n<li>Z chwil\u0105 uregulowania zaleg\u0142o\u015bci wobec Biblioteki, potwierdzonego na karcie obiegowej pracownika Uczelni, studenta, uczestnika studi\u00f3w podyplomowych, s\u0142uchacza Uniwersytetu III Wieku, przez pracownika Biblioteki, konto biblioteczne staje si\u0119 nieaktywne.<\/li>\n<\/ol>\n<p style=\"text-align: center;\">\u00a76<\/p>\n<ol>\n<li>Czytelnicy s\u0105 zobowi\u0105zani do poszanowania zbior\u00f3w bibliotecznych.<\/li>\n<li>Zauwa\u017cone uszkodzenia, w chwili wypo\u017cyczenia zbior\u00f3w lub udost\u0119pniania ich w Czytelni, czytelnik winien zg\u0142osi\u0107 bibliotekarzowi w celu odnotowania zniszczenia. W przeciwnym wypadku u\u017cytkownik ponosi za nie odpowiedzialno\u015b\u0107.<\/li>\n<\/ol>\n<p style=\"text-align: center;\">\u00a77<\/p>\n<ol>\n<li>PANS w Che\u0142mie mo\u017ce pobiera\u0107 op\u0142aty za przekroczenie terminu zwrotu dzie\u0142a, uszkodzenie lub zniszczenie dzie\u0142a oraz op\u0142aty za niezwr\u00f3cenie dzie\u0142a.<\/li>\n<li>W razie uszkodzenia (podkre\u015blenia, zaplamienia, braku stron, uszkodze\u0144 mechanicznych), zniszczenia lub niezwr\u00f3cenia dzie\u0142a, czytelnik jest obowi\u0105zany:\n<ul>\n<li>pokry\u0107 koszty oprawy dzie\u0142a,<\/li>\n<li>lub odkupi\u0107 wydanie identyczne,<\/li>\n<li>lub odkupi\u0107 dzie\u0142o wskazane przez Bibliotek\u0119,<\/li>\n<li>lub pokry\u0107 koszty zagubionego dzie\u0142a.<\/li>\n<\/ul>\n<\/li>\n<li>Decyzj\u0119 o formie rozliczenia si\u0119 oraz wysoko\u015bci op\u0142at, o kt\u00f3rych mowa w ust. 2, podejmuje Dyrektor Biblioteki.<\/li>\n<li>Wysoko\u015b\u0107 op\u0142at za przekroczenie terminu zwrotu dzie\u0142a oraz zasady ich naliczania okre\u015bla Rektor.<\/li>\n<li>Czytelnicy zobowi\u0105zani s\u0105 do wnoszenia op\u0142at, o kt\u00f3rych mowa w ust. 1, w Bibliotece lub na wskazane przez Bibliotek\u0119 konto Uczelni.<strong>\u00a0<\/strong><\/li>\n<\/ol>\n<h2 style=\"text-align: center;\">II. Wypo\u017cyczanie zbior\u00f3w poza Bibliotek\u0119<\/h2>\n<p style=\"text-align: center;\">\u00a78<\/p>\n<p>Zam\u00f3wienie na wypo\u017cyczanie zbior\u00f3w sk\u0142ada si\u0119 online za pomoc\u0105 konta czytelnika w katalogu Biblioteki lub na czytelnie wype\u0142nionych rewersach.<\/p>\n<p style=\"text-align: center;\">\u00a79<\/p>\n<ol>\n<li>Zbiory wypo\u017cycza si\u0119 po okazaniu aktualnej karty bibliotecznej lub legitymacji studenckiej.<\/li>\n<li>W szczeg\u00f3lnie uzasadnionych przypadkach zbiory mo\u017cna wypo\u017cyczy\u0107 np. po okazaniu legitymacji s\u0142u\u017cbowej nauczyciela akademickiego, b\u0105d\u017a okazaniu paszportu\/ numeru PESEL.<\/li>\n<\/ol>\n<p style=\"text-align: center;\">\u00a710<\/p>\n<ol>\n<li>Liczba dzie\u0142 wypo\u017cyczonych na konto jednego czytelnika wynosi w przypadku:\n<ul>\n<li>nauczycieli akademickich \u2013 nie wi\u0119cej ni\u017c 10 pozycji;<\/li>\n<li>os\u00f3b, o kt\u00f3rych mowa w \u00a7 3 ust. 1 pkt 2 &#8211; 7 \u2013 nie wi\u0119cej ni\u017c 8 pozycji.<\/li>\n<\/ul>\n<\/li>\n<li>W uzasadnionych przypadkach Dyrektor Biblioteki mo\u017ce zezwoli\u0107 na wypo\u017cyczenie wi\u0119kszej liczby dzie\u0142.<\/li>\n<\/ol>\n<p style=\"text-align: center;\">\u00a711<\/p>\n<ol>\n<li>Maksymalny okres wypo\u017cyczenia zbior\u00f3w dla poszczeg\u00f3lnych grup czytelnik\u00f3w wynosi:\n<ul>\n<li>dla nauczycieli akademickich &#8211; 180 dni,<\/li>\n<li>dla os\u00f3b, o kt\u00f3rych mowa w \u00a7 3 ust. 1 pkt 2 \u2013 7 &#8211; 60 dni,<\/li>\n<li>dla innych os\u00f3b niewymienionych w pkt 1 &#8211; 7 \u2013 termin okre\u015bla bibliotekarz.<\/li>\n<\/ul>\n<\/li>\n<li>W uzasadnionych przypadkach Dyrektor Biblioteki mo\u017ce zezwoli\u0107 na wyd\u0142u\u017cenie terminu wypo\u017cyczenia.<\/li>\n<\/ol>\n<p style=\"text-align: center;\">\u00a712<\/p>\n<ol>\n<li>Czytelnicy s\u0105 zobowi\u0105zani do terminowego zwrotu zbior\u00f3w.<\/li>\n<li>Termin zwrotu mo\u017ce by\u0107 prolongowany, pod warunkiem, \u017ce na zbiory nie ma zam\u00f3wienia. Prolongaty dokonuje si\u0119 osobi\u015bcie, telefonicznie lub elektronicznie, przed up\u0142ywem terminu zwrotu.<\/li>\n<li>Biblioteka mo\u017ce z wa\u017cnych powod\u00f3w za\u017c\u0105da\u0107 zwrotu zbior\u00f3w przed up\u0142ywem terminu wypo\u017cyczenia lub w chwili wypo\u017cyczenia zastrzec wcze\u015bniejszy termin zwrotu.<\/li>\n<li>Je\u017celi wypo\u017cyczaj\u0105cy przekroczy termin zwrotu dzie\u0142a, PANS w Che\u0142mie mo\u017ce pobiera\u0107 op\u0142at\u0119, naliczan\u0105 za ka\u017cdy dzie\u0144 zw\u0142oki za ka\u017cdy egzemplarz wypo\u017cyczonego dzie\u0142a.<\/li>\n<li>Przesy\u0142ane przez program biblioteczny elektroniczne przypomnienia dotycz\u0105ce terminu zwrotu wypo\u017cyczonych publikacji maj\u0105 charakter wy\u0142\u0105cznie informacyjny. Zak\u0142\u00f3cenia w dostarczaniu przypomnie\u0144 nie zwalniaj\u0105 czytelnika z uiszczenia op\u0142aty za nieterminowy zwrot wypo\u017cyczonych dzie\u0142.<\/li>\n<\/ol>\n<h2 style=\"text-align: center;\">III. Zasady korzystania ze \u017ar\u00f3de\u0142 elektronicznych<\/h2>\n<p style=\"text-align: center;\">\u00a713<\/p>\n<ol>\n<li>Korzystanie z zasob\u00f3w elektronicznych, do kt\u00f3rych Biblioteka zapewnia zdalny dost\u0119p okre\u015blaj\u0105 warunki licencji zawartej pomi\u0119dzy Bibliotek\u0105 a dostawc\u0105 zasob\u00f3w oraz przepisy wewn\u0119trzne Biblioteki.<\/li>\n<li>Udost\u0119pnianie zasob\u00f3w elektronicznych, na kt\u00f3re Biblioteka posiada licencj\u0119 lub uzyska\u0142a zgod\u0119 autora publikacji, odbywa si\u0119 z komputer\u00f3w dost\u0119pnych w sieci Uczelni lub dowolnych komputer\u00f3w oraz urz\u0105dze\u0144 mobilnych poza sieci\u0105 Uczelni, po uzyskaniu autoryzowanego dost\u0119pu w Wypo\u017cyczalni lub za po\u015brednictwem poczty elektronicznej.<\/li>\n<li>Dost\u0119p do niepublicznych zasob\u00f3w elektronicznych oraz ich wykorzystanie podlegaj\u0105 ograniczeniom wynikaj\u0105cym z zapis\u00f3w licencyjnych. Biblioteka mo\u017ce ograniczy\u0107 dost\u0119p do zasob\u00f3w cyfrowych je\u017celi licencjodawca dokona takiego zastrze\u017cenia.<\/li>\n<li>Szczeg\u00f3\u0142owe zasady udost\u0119pniania zasob\u00f3w elektronicznych:\n<ul>\n<li>zasoby mog\u0105 by\u015b wykorzystywane przez u\u017cytkownik\u00f3w tylko na u\u017cytek w\u0142asny, do cel\u00f3w naukowo-badawczych i edukacyjnych.<\/li>\n<li>zabroniona jest ich reprodukcja, rozpowszechnianie i sprzeda\u017c,<\/li>\n<li>zabronione jest dokonywanie jakichkolwiek zmian i modyfikacji w udost\u0119pnianych dokumentach elektronicznych lub oprogramowaniu.<\/li>\n<\/ul>\n<\/li>\n<\/ol>\n<h2 style=\"text-align: center;\">IV. Udost\u0119pnianie zbior\u00f3w w Czytelni<\/h2>\n<p style=\"text-align: center;\"><strong> \u00a7<\/strong>14<\/p>\n<p>Udost\u0119pnianie zbior\u00f3w w Czytelni odbywa si\u0119 za okazaniem aktualnej karty bibliotecznej, elektronicznej legitymacji studenckiej lub legitymacji s\u0142u\u017cbowej nauczyciela akademickiego, paszportu lub nr PESEL.<\/p>\n<p style=\"text-align: center;\"><strong> \u00a7<\/strong>15<\/p>\n<ol>\n<li>Czytelnicy korzystaj\u0105cy z Czytelni maj\u0105 wolny dost\u0119p do p\u00f3\u0142ek.<\/li>\n<li>Osoby wskazane w ust. 1 mog\u0105 korzysta\u0107 w szczeg\u00f3lno\u015bci z:\n<ol>\n<li>ksi\u0119gozbioru podr\u0119cznego,<\/li>\n<li>czasopism,<\/li>\n<li>ksi\u0105\u017cek i czasopism z magazynu,<\/li>\n<li>zbior\u00f3w specjalnych,<\/li>\n<li>\u017ar\u00f3de\u0142 na no\u015bnikach elektronicznych dost\u0119pnych w czytelni lub w trybie on-line,<\/li>\n<li>komputer\u00f3w dost\u0119pnych lokalnie,<\/li>\n<li>komputer\u00f3w osobistych.<\/li>\n<\/ol>\n<\/li>\n<\/ol>\n<p style=\"text-align: center;\">\u00a716<\/p>\n<p>Zam\u00f3wienie na zbiory sk\u0142ada si\u0119 na czytelnie wype\u0142nionych rewersach.<\/p>\n<p style=\"text-align: center;\">\u00a717<\/p>\n<ol>\n<li>Materia\u0142\u00f3w bibliotecznych udost\u0119pnionych w Czytelni nie wolno wynosi\u0107 poza jej obr\u0119b.<\/li>\n<li>Dopuszcza si\u0119 mo\u017cliwo\u015b\u0107 udost\u0119pnienia zbior\u00f3w poza Czytelni\u0119 (np. na zaj\u0119cia) po uzyskaniu zgody bibliotekarza, pozostawieniu legitymacji studenckiej, karty bibliotecznej lub legitymacji s\u0142u\u017cbowej nauczyciela akademickiego i wpisaniu si\u0119 do rejestru wypo\u017cycze\u0144.<\/li>\n<li>O mo\u017cliwo\u015bci wykonania kopii materia\u0142\u00f3w bibliotecznych decyduje bibliotekarz, bior\u0105c za postaw\u0119 obowi\u0105zek przestrzegania prawa autorskiego i stan zbior\u00f3w.<\/li>\n<\/ol>\n<p style=\"text-align: center;\">\u00a718<\/p>\n<p>Osoby korzystaj\u0105ce z Czytelni zobowi\u0105zane s\u0105 do:<\/p>\n<ul>\n<li>pozostawienia wierzchnich okry\u0107, parasoli, toreb w szatni,<\/li>\n<li>zg\u0142oszenia i okazania wnoszonych w\u0142asnych materia\u0142\u00f3w,<\/li>\n<li>zwrotu zbior\u00f3w w stanie niepogorszonym,<\/li>\n<li>przestrzegania zakazu palenia, spo\u017cywania posi\u0142k\u00f3w, u\u017cywania telefon\u00f3w kom\u00f3rkowych,<\/li>\n<li>zachowania ciszy.<\/li>\n<\/ul>\n<h2 style=\"text-align: center;\">V. Wypo\u017cyczanie mi\u0119dzybiblioteczne<\/h2>\n<p style=\"text-align: center;\">\u00a719<\/p>\n<ol>\n<li>Z bibliotek krajowych sprowadza si\u0119 materia\u0142y, kt\u00f3rych brak w zbiorach Biblioteki Uczelnianej oraz w zbiorach bibliotek znajduj\u0105cych si\u0119 na terenie miasta Che\u0142ma.<\/li>\n<li>Z bibliotek zagranicznych sprowadza si\u0119 materia\u0142y, kt\u00f3rych nie ma w bibliotekach krajowych.<\/li>\n<\/ol>\n<p style=\"text-align: center;\">\u00a720<\/p>\n<ol>\n<li>Sk\u0142adane zam\u00f3wienia powinny zawiera\u0107 dok\u0142adne dane bibliograficzne.<\/li>\n<li>Zam\u00f3wienia student\u00f3w wysy\u0142ane za granic\u0119 wymagaj\u0105 potwierdzenia przez Dyrektora Instytutu.<\/li>\n<\/ol>\n<p style=\"text-align: center;\">\u00a721<\/p>\n<ol>\n<li>Koszty wysy\u0142ki zam\u00f3wie\u0144 i zwrotu materia\u0142\u00f3w ponosi PANS w Che\u0142mie.<\/li>\n<li>Dyrektor Biblioteki mo\u017ce za\u017c\u0105da\u0107 pokrycia cz\u0119\u015bci lub ca\u0142o\u015bci tych wydatk\u00f3w przez osoby zamawiaj\u0105ce.<\/li>\n<\/ol>\n<p style=\"text-align: center;\">\u00a722<\/p>\n<p>Z materia\u0142\u00f3w sprowadzonych z innych bibliotek czytelnicy mog\u0105 korzysta\u0107 wy\u0142\u0105cznie w\u00a0Czytelni, w terminie okre\u015blonym przez bibliotekarza.<\/p>\n<p style=\"text-align: center;\">\u00a723<\/p>\n<p>Biblioteka wypo\u017cycza w\u0142asne zbiory innym bibliotekom krajowym i zagranicznym.<\/p>\n<p style=\"text-align: center;\">\u00a724<\/p>\n<p>Szczeg\u00f3\u0142owe zasady wypo\u017cycze\u0144 mi\u0119dzybibliotecznych okre\u015bla regulamin, stanowi\u0105cy za\u0142\u0105cznik nr 1 do niniejszego Regulaminu.<\/p>\n<h2 style=\"text-align: center;\">VI. Korzystanie z sieci Internet<\/h2>\n<p style=\"text-align: center;\">\u00a725<\/p>\n<ol>\n<li>Biblioteka udost\u0119pnia nieodp\u0142atnie sie\u0107 Internet.<\/li>\n<li>Zasady korzystania ze stanowisk komputerowych okre\u015bla regulamin, stanowi\u0105cy za\u0142\u0105cznik nr 2 do niniejszego Regulaminu.<\/li>\n<\/ol>\n<h2 style=\"text-align: center;\">VII. Postanowienia ko\u0144cowe<\/h2>\n<p style=\"text-align: center;\">\u00a726<\/p>\n<p>Czytelnicy zobowi\u0105zani s\u0105 do zapoznania si\u0119 z tre\u015bci\u0105 niniejszego Regulaminu, jego za\u0142\u0105cznikami oraz do stosowania zawartych w tych dokumentach postanowie\u0144.<\/p>\n<p style=\"text-align: center;\">\u00a727<\/p>\n<p>W przypadku ra\u017c\u0105cego naruszenia Regulaminu przez osob\u0119 korzystaj\u0105c\u0105 ze zbior\u00f3w Biblioteki, Dyrektor Biblioteki mo\u017ce ograniczy\u0107 jego prawo do korzystania ze zbior\u00f3w bibliotecznych, a nawet tego prawa pozbawi\u0107.<\/p>\n<p style=\"text-align: center;\">\u00a728<\/p>\n<p>Czas otwarcia Biblioteki podawany jest do wiadomo\u015bci czytelnik\u00f3w. Zmiana godzin pracy lub okresowe zawieszenie dzia\u0142alno\u015bci Biblioteki, uprzedzane jest stosownymi komunikatami.<\/p>\n<p style=\"text-align: center;\">\u00a729<\/p>\n<p>W sprawach dotycz\u0105cych korzystania ze zbior\u00f3w Biblioteki, nieuregulowanych postanowieniami niniejszego Regulaminu decyzj\u0119 podejmuje Dyrektor Biblioteki.<\/p>\n<p style=\"text-align: center;\">\u00a730<\/p>\n<p>Od decyzji Dyrektora Biblioteki przys\u0142uguje odwo\u0142anie do Rektora Pa\u0144stwowej Akademii Nauk Stosowanych w Che\u0142mie.<\/p>\n","protected":false},"excerpt":{"rendered":"<p>Regulamin korzystania ze zbior\u00f3w Biblioteki Pa\u0144stwowej Akademii Nauk Stosowanych w Che\u0142mie I. Og\u00f3lne zasady udost\u0119pniania zbior\u00f3w \u00a71 W Uczelni dzia\u0142a jednolity system biblioteczno-informacyjny, kt\u00f3rego podstaw\u0119 stanowi Biblioteka Uczelniana, w sk\u0142ad kt\u00f3rej wchodz\u0105 Biblioteka G\u0142\u00f3wna i\u00a0Biblioteki Instytutowe. Biblioteki wchodz\u0105ce w sk\u0142ad systemu biblioteczno-informacyjnego udost\u0119pniaj\u0105 swoje zbiory na zasadach okre\u015blonych w Regulaminie. \u00a72 Biblioteka G\u0142\u00f3wna udost\u0119pnia zbiory: [&hellip;]<\/p>\n","protected":false},"author":1,"featured_media":0,"parent":0,"menu_order":0,"comment_status":"closed","ping_status":"closed","template":"","meta":{"footnotes":""},"class_list":["post-24","page","type-page","status-publish","hentry"],"_links":{"self":[{"href":"https:\/\/biblioteka.panschelm.edu.pl\/index.php?rest_route=\/wp\/v2\/pages\/24","targetHints":{"allow":["GET"]}}],"collection":[{"href":"https:\/\/biblioteka.panschelm.edu.pl\/index.php?rest_route=\/wp\/v2\/pages"}],"about":[{"href":"https:\/\/biblioteka.panschelm.edu.pl\/index.php?rest_route=\/wp\/v2\/types\/page"}],"author":[{"embeddable":true,"href":"https:\/\/biblioteka.panschelm.edu.pl\/index.php?rest_route=\/wp\/v2\/users\/1"}],"replies":[{"embeddable":true,"href":"https:\/\/biblioteka.panschelm.edu.pl\/index.php?rest_route=%2Fwp%2Fv2%2Fcomments&post=24"}],"version-history":[{"count":13,"href":"https:\/\/biblioteka.panschelm.edu.pl\/index.php?rest_route=\/wp\/v2\/pages\/24\/revisions"}],"predecessor-version":[{"id":1284,"href":"https:\/\/biblioteka.panschelm.edu.pl\/index.php?rest_route=\/wp\/v2\/pages\/24\/revisions\/1284"}],"wp:attachment":[{"href":"https:\/\/biblioteka.panschelm.edu.pl\/index.php?rest_route=%2Fwp%2Fv2%2Fmedia&parent=24"}],"curies":[{"name":"wp","href":"https:\/\/api.w.org\/{rel}","templated":true}]}}