{"id":26,"date":"2016-02-17T14:20:12","date_gmt":"2016-02-17T13:20:12","guid":{"rendered":"http:\/\/biblioteka2.pwsz.chelm.pl\/?page_id=26"},"modified":"2025-02-28T12:56:51","modified_gmt":"2025-02-28T11:56:51","slug":"regulamin-korzystania-ze-stanowisk-komputerowych","status":"publish","type":"page","link":"https:\/\/biblioteka.panschelm.edu.pl\/?page_id=26","title":{"rendered":"Regulamin korzystania ze stanowisk komputerowych"},"content":{"rendered":"<h3 style=\"text-align: center;\">Regulamin korzystania ze stanowisk komputerowych<br \/>\nw Czytelniach Biblioteki PANS w Che\u0142mie<\/h3>\n<ol>\n<li>Biblioteka udost\u0119pnia sie\u0107 Internet wy\u0142\u0105cznie w celach informacyjno &#8211; dydaktycznych.<\/li>\n<li>Do korzystania ze stanowisk komputerowych uprawnieni s\u0105 wszyscy pracownicy, studenci i s\u0142uchacze Pa\u0144stwowej Akademii Nauk Stosowanych oraz studenci innych uczelni, po okazaniu aktualnej legitymacji studenckiej, karty bibliotecznej lub dowodu to\u017csamo\u015bci.<\/li>\n<li>Obowi\u0105zuje zakaz dokonywania zmian w konfiguracji komputer\u00f3w oraz innych urz\u0105dze\u0144 do nich pod\u0142\u0105czonych.<\/li>\n<li>Przed skorzystaniem z komputera u\u017cytkownik zobowi\u0105zany jest do wpisania si\u0119 w rejestr odwiedzin i\u00a0okazania legitymacji lub innego dokumentu to\u017csamo\u015bci.<\/li>\n<li>U\u017cytkownik powinien sprawdzi\u0107 stan techniczny komputera, zg\u0142aszaj\u0105c bibliotekarzowi ewentualne uszkodzenia<\/li>\n<li>U\u017cytkownik ponosi odpowiedzialno\u015b\u0107 materialn\u0105 za uszkodzenia sprz\u0119tu powsta\u0142e z jego winy.<\/li>\n<li>U\u017cytkownicy maj\u0105 mo\u017cliwo\u015b\u0107 wydrukowania tekstu z drukarek zainstalowanych przy stanowiskach komputerowych.<\/li>\n<li>Korzystaj\u0105cy ze stanowisk komputerowych maj\u0105 obowi\u0105zek przestrzegania zasad bhp i\u00a0p.po\u017c.,\u00a0w przypadku zauwa\u017cenia jakiegokolwiek zagro\u017cenia, powiadomienia o tym bibliotekarza.<\/li>\n<li>W celu ochrony przed szkodliwym oprogramowaniem, w tym wirusami, nale\u017cy przed skorzystaniem z w\u0142asnych no\u015bnik\u00f3w zeskanowa\u0107 je programem antywirusowym zainstalowanym na stanowisku komputera.<\/li>\n<li>Dyrektor Biblioteki mo\u017ce ograniczy\u0107 prawo do korzystania ze stanowisk komputerowych w stosunku do os\u00f3b kt\u00f3re nie przestrzegaj\u0105 postanowie\u0144 regulaminu.<\/li>\n<\/ol>\n","protected":false},"excerpt":{"rendered":"<p>Regulamin korzystania ze stanowisk komputerowych w Czytelniach Biblioteki PANS w Che\u0142mie Biblioteka udost\u0119pnia sie\u0107 Internet wy\u0142\u0105cznie w celach informacyjno &#8211; dydaktycznych. Do korzystania ze stanowisk komputerowych uprawnieni s\u0105 wszyscy pracownicy, studenci i s\u0142uchacze Pa\u0144stwowej Akademii Nauk Stosowanych oraz studenci innych uczelni, po okazaniu aktualnej legitymacji studenckiej, karty bibliotecznej lub dowodu to\u017csamo\u015bci. Obowi\u0105zuje zakaz dokonywania zmian [&hellip;]<\/p>\n","protected":false},"author":1,"featured_media":0,"parent":0,"menu_order":0,"comment_status":"closed","ping_status":"closed","template":"","meta":{"footnotes":""},"class_list":["post-26","page","type-page","status-publish","hentry"],"_links":{"self":[{"href":"https:\/\/biblioteka.panschelm.edu.pl\/index.php?rest_route=\/wp\/v2\/pages\/26","targetHints":{"allow":["GET"]}}],"collection":[{"href":"https:\/\/biblioteka.panschelm.edu.pl\/index.php?rest_route=\/wp\/v2\/pages"}],"about":[{"href":"https:\/\/biblioteka.panschelm.edu.pl\/index.php?rest_route=\/wp\/v2\/types\/page"}],"author":[{"embeddable":true,"href":"https:\/\/biblioteka.panschelm.edu.pl\/index.php?rest_route=\/wp\/v2\/users\/1"}],"replies":[{"embeddable":true,"href":"https:\/\/biblioteka.panschelm.edu.pl\/index.php?rest_route=%2Fwp%2Fv2%2Fcomments&post=26"}],"version-history":[{"count":7,"href":"https:\/\/biblioteka.panschelm.edu.pl\/index.php?rest_route=\/wp\/v2\/pages\/26\/revisions"}],"predecessor-version":[{"id":1202,"href":"https:\/\/biblioteka.panschelm.edu.pl\/index.php?rest_route=\/wp\/v2\/pages\/26\/revisions\/1202"}],"wp:attachment":[{"href":"https:\/\/biblioteka.panschelm.edu.pl\/index.php?rest_route=%2Fwp%2Fv2%2Fmedia&parent=26"}],"curies":[{"name":"wp","href":"https:\/\/api.w.org\/{rel}","templated":true}]}}