{"id":34,"date":"2016-02-17T14:36:30","date_gmt":"2016-02-17T13:36:30","guid":{"rendered":"http:\/\/biblioteka2.pwsz.chelm.pl\/?page_id=34"},"modified":"2022-05-17T11:26:55","modified_gmt":"2022-05-17T09:26:55","slug":"dzialalnosc-dydaktyczna","status":"publish","type":"page","link":"https:\/\/biblioteka.panschelm.edu.pl\/?page_id=34","title":{"rendered":"Dzia\u0142alno\u015b\u0107 dydaktyczna"},"content":{"rendered":"<p>W momencie rozpocz\u0119cia nowego roku akademickiego studenci wszystkich kierunk\u00f3w, rozpoczynaj\u0105cy pierwszy rok studi\u00f3w na naszej uczelni, uczestnicz\u0105 w zaj\u0119ciach z przysposobienia bibliotecznego, kt\u00f3re s\u0105 obowi\u0105zkowe i ko\u0144cz\u0105 si\u0119 wpisem do indeksu.<\/p>\n<p>Maj\u0105 one na celu:<\/p>\n<ul>\n<li>Wskazanie biblioteki jako plac\u00f3wki przyjaznej i pomocnej w poszukiwaniu wiedzy.<\/li>\n<li>Zapoznanie student\u00f3w z zasadami korzystania z wypo\u017cyczalni i czytelni.<\/li>\n<li>U\u0142atwienie nabycia umiej\u0119tno\u015bci wyszukiwania informacji o ksi\u0105\u017ckach w katalogu komputerowym oraz innych \u017ar\u00f3d\u0142ach wiedzy.<\/li>\n<\/ul>\n<p>Od pa\u017adziernika 2020 roku Biblioteka wdro\u017cy\u0142a now\u0105 form\u0119 szkolenia bibliotecznego. Szkolenie jest realizowane w formie on-line i jest dost\u0119pne na stronie\u00a0 Biblioteki: \u00a0<a href=\"http:\/\/biblioteka.panschelm.edu.pl\/?page_id=839\">Szkolenie biblioteczne on-line<\/a>.<\/p>\n<p>Studenci maj\u0105 mo\u017cliwo\u015b\u0107 zapoznania si\u0119 z tre\u015bci\u0105 szkolenia oraz rozwi\u0105za\u0107 test zaliczeniowy za po\u015brednictwem platformy <strong>Google Suite for Education.<\/strong><\/p>\n<p>Prowadzone s\u0105 r\u00f3wnie\u017c indywidualne szkolenia z zakresu:<\/p>\n<ul>\n<li>pos\u0142ugiwania si\u0119 komputerowym katalogiem biblioteki oraz wyszukiwania informacji w \u017ar\u00f3d\u0142ach tradycyjnych i elektronicznych.<\/li>\n<\/ul>\n","protected":false},"excerpt":{"rendered":"<p>W momencie rozpocz\u0119cia nowego roku akademickiego studenci wszystkich kierunk\u00f3w, rozpoczynaj\u0105cy pierwszy rok studi\u00f3w na naszej uczelni, uczestnicz\u0105 w zaj\u0119ciach z przysposobienia bibliotecznego, kt\u00f3re s\u0105 obowi\u0105zkowe i ko\u0144cz\u0105 si\u0119 wpisem do indeksu. Maj\u0105 one na celu: Wskazanie biblioteki jako plac\u00f3wki przyjaznej i pomocnej w poszukiwaniu wiedzy. Zapoznanie student\u00f3w z zasadami korzystania z wypo\u017cyczalni i czytelni. U\u0142atwienie [&hellip;]<\/p>\n","protected":false},"author":1,"featured_media":0,"parent":0,"menu_order":0,"comment_status":"closed","ping_status":"closed","template":"","meta":{"footnotes":""},"class_list":["post-34","page","type-page","status-publish","hentry"],"_links":{"self":[{"href":"https:\/\/biblioteka.panschelm.edu.pl\/index.php?rest_route=\/wp\/v2\/pages\/34","targetHints":{"allow":["GET"]}}],"collection":[{"href":"https:\/\/biblioteka.panschelm.edu.pl\/index.php?rest_route=\/wp\/v2\/pages"}],"about":[{"href":"https:\/\/biblioteka.panschelm.edu.pl\/index.php?rest_route=\/wp\/v2\/types\/page"}],"author":[{"embeddable":true,"href":"https:\/\/biblioteka.panschelm.edu.pl\/index.php?rest_route=\/wp\/v2\/users\/1"}],"replies":[{"embeddable":true,"href":"https:\/\/biblioteka.panschelm.edu.pl\/index.php?rest_route=%2Fwp%2Fv2%2Fcomments&post=34"}],"version-history":[{"count":4,"href":"https:\/\/biblioteka.panschelm.edu.pl\/index.php?rest_route=\/wp\/v2\/pages\/34\/revisions"}],"predecessor-version":[{"id":1051,"href":"https:\/\/biblioteka.panschelm.edu.pl\/index.php?rest_route=\/wp\/v2\/pages\/34\/revisions\/1051"}],"wp:attachment":[{"href":"https:\/\/biblioteka.panschelm.edu.pl\/index.php?rest_route=%2Fwp%2Fv2%2Fmedia&parent=34"}],"curies":[{"name":"wp","href":"https:\/\/api.w.org\/{rel}","templated":true}]}}