{"id":38,"date":"2016-02-17T14:43:31","date_gmt":"2016-02-17T13:43:31","guid":{"rendered":"http:\/\/biblioteka2.pwsz.chelm.pl\/?page_id=38"},"modified":"2022-05-17T11:31:13","modified_gmt":"2022-05-17T09:31:13","slug":"zglos-ksiazke-do-zakupu","status":"publish","type":"page","link":"https:\/\/biblioteka.panschelm.edu.pl\/?page_id=38","title":{"rendered":"Zg\u0142o\u015b ksi\u0105\u017ck\u0119 do zakupu"},"content":{"rendered":"<p>Zach\u0119camy wszystkich pracownik\u00f3w i student\u00f3w Uczelni do wsp\u00f3\u0142pracy w zakresie polityki gromadzenia zbior\u00f3w i do sk\u0142adania zam\u00f3wie\u0144 dotycz\u0105cych kupna ksi\u0105\u017cek oraz prenumeraty czasopism. Zam\u00f3wienia prosimy przesy\u0142a\u0107 na adres e-mail: <a href=\"mailto:biblioteka@panschelm.edu.pl\">biblioteka@panschelm.edu.pl<\/a> lub z\u0142o\u017cy\u0107 osobi\u015bcie w Bibliotece G\u0142\u00f3wnej.<\/p>\n<div style=\"text-align: center;\"><a href=\"\/wp-content\/uploads\/2022\/05\/formularz-zamowienia.docx\">FORMULARZ ZAM\u00d3WIENIA<\/a><\/div>\n<div><\/div>\n<p>Wype\u0142niony formularz prosimy przesy\u0142a\u0107 na adres e-mail: <a href=\"mailto:biblioteka@panschelm.edu.pl\">biblioteka@panschelm.edu.pl<\/a> lub z\u0142o\u017cy\u0107 osobi\u015bcie w Bibliotece G\u0142\u00f3wnej.<\/p>\n<p>&nbsp;<\/p>\n","protected":false},"excerpt":{"rendered":"<p>Zach\u0119camy wszystkich pracownik\u00f3w i student\u00f3w Uczelni do wsp\u00f3\u0142pracy w zakresie polityki gromadzenia zbior\u00f3w i do sk\u0142adania zam\u00f3wie\u0144 dotycz\u0105cych kupna ksi\u0105\u017cek oraz prenumeraty czasopism. Zam\u00f3wienia prosimy przesy\u0142a\u0107 na adres e-mail: biblioteka@panschelm.edu.pl lub z\u0142o\u017cy\u0107 osobi\u015bcie w Bibliotece G\u0142\u00f3wnej. FORMULARZ ZAM\u00d3WIENIA Wype\u0142niony formularz prosimy przesy\u0142a\u0107 na adres e-mail: biblioteka@panschelm.edu.pl lub z\u0142o\u017cy\u0107 osobi\u015bcie w Bibliotece G\u0142\u00f3wnej. &nbsp;<\/p>\n","protected":false},"author":1,"featured_media":0,"parent":0,"menu_order":0,"comment_status":"closed","ping_status":"closed","template":"","meta":{"footnotes":""},"class_list":["post-38","page","type-page","status-publish","hentry"],"_links":{"self":[{"href":"https:\/\/biblioteka.panschelm.edu.pl\/index.php?rest_route=\/wp\/v2\/pages\/38","targetHints":{"allow":["GET"]}}],"collection":[{"href":"https:\/\/biblioteka.panschelm.edu.pl\/index.php?rest_route=\/wp\/v2\/pages"}],"about":[{"href":"https:\/\/biblioteka.panschelm.edu.pl\/index.php?rest_route=\/wp\/v2\/types\/page"}],"author":[{"embeddable":true,"href":"https:\/\/biblioteka.panschelm.edu.pl\/index.php?rest_route=\/wp\/v2\/users\/1"}],"replies":[{"embeddable":true,"href":"https:\/\/biblioteka.panschelm.edu.pl\/index.php?rest_route=%2Fwp%2Fv2%2Fcomments&post=38"}],"version-history":[{"count":10,"href":"https:\/\/biblioteka.panschelm.edu.pl\/index.php?rest_route=\/wp\/v2\/pages\/38\/revisions"}],"predecessor-version":[{"id":1057,"href":"https:\/\/biblioteka.panschelm.edu.pl\/index.php?rest_route=\/wp\/v2\/pages\/38\/revisions\/1057"}],"wp:attachment":[{"href":"https:\/\/biblioteka.panschelm.edu.pl\/index.php?rest_route=%2Fwp%2Fv2%2Fmedia&parent=38"}],"curies":[{"name":"wp","href":"https:\/\/api.w.org\/{rel}","templated":true}]}}