{"id":44,"date":"2016-02-17T14:55:55","date_gmt":"2016-02-17T13:55:55","guid":{"rendered":"http:\/\/biblioteka2.pwsz.chelm.pl\/?page_id=44"},"modified":"2026-03-11T11:21:42","modified_gmt":"2026-03-11T10:21:42","slug":"bazy-danych-w-internecie","status":"publish","type":"page","link":"https:\/\/biblioteka.panschelm.edu.pl\/?page_id=44","title":{"rendered":"E-zasoby"},"content":{"rendered":"<h2><strong>E-zasoby og\u00f3lne:<\/strong><\/h2>\n<ul>\n<li><a href=\"#Bazy_licencjonowane\">Bazy licencjonowane<\/a><\/li>\n<li><a href=\"#academica\">Wypo\u017cyczalnia Academica<\/a><\/li>\n<li><a href=\"#Katalogi\">Katalogi<\/a><\/li>\n<li><a href=\"#Bazy_i_Portale\">Bazy i portale<\/a><\/li>\n<li><a href=\"#Biblioteki\">Biblioteki<\/a><\/li>\n<li><a href=\"#Czasopisma\">Czasopisma<\/a><\/li>\n<li><a href=\"#Wyszukiwarki_naukowe\">Wyszukiwarki naukowe<\/a><\/li>\n<li><a href=\"#Otwarta_Nauka\">Otwarta Nauka<\/a><\/li>\n<li><a href=\"#S\u0142owniki\">S\u0142owniki<\/a><\/li>\n<li><a href=\"#Kultura\">Kultura<\/a><\/li>\n<\/ul>\n<h2><strong>E- zasoby wed\u0142ug dziedzin:<\/strong><\/h2>\n<ul>\n<li><a href=\"https:\/\/biblioteka.panschelm.edu.pl\/?page_id=44\">E-zasoby og\u00f3lne<\/a><\/li>\n<li><a href=\"https:\/\/biblioteka.panschelm.edu.pl\/?page_id=926\">Pedagogika, Stosunki Mi\u0119dzynarodowe, Bezpiecze\u0144stwo Wewn\u0119trzne<\/a><\/li>\n<li><a href=\"https:\/\/biblioteka.panschelm.edu.pl\/?page_id=931\">Matematyka, Mechanika, Budownictwo, Lotnictwo. Elektrotechnika<\/a><\/li>\n<li><a href=\"https:\/\/biblioteka.panschelm.edu.pl\/?page_id=933\">Neofilologia<\/a><\/li>\n<li><a href=\"https:\/\/biblioteka.panschelm.edu.pl\/?page_id=935\">Medycyna, Piel\u0119gniarstwo<\/a><\/li>\n<li><a href=\"https:\/\/biblioteka.panschelm.edu.pl\/?page_id=937\">Rolnictwo, Dietetyka<\/a><\/li>\n<\/ul>\n<hr \/>\n<h3><strong><a id=\"Bazy_licencjonowane\"><\/a>Bazy licencjonowane<\/strong><\/h3>\n<p>Bazy, do kt\u00f3rych Biblioteka PANS w Che\u0142mie ma dost\u0119p p\u0142atny (na podstawie um\u00f3w i licencji). Z tych \u017ar\u00f3de\u0142 mog\u0105 skorzysta\u0107 pracownicy oraz studenci PANS w Che\u0142mie. Aby uzyska\u0107 dost\u0119p nale\u017cy si\u0119 skontaktowa\u0107 z Bibliotek\u0105.<\/p>\n<p>&nbsp;<\/p>\n<p><strong><u>EBSCO<\/u> <\/strong>serwis oferuje dost\u0119p do pe\u0142nych tekst\u00f3w oraz spis\u00f3w tre\u015bci i abstrakt\u00f3w zagranicznych czasopism, tak\u017ce naukowych, obejmuj\u0105cych szeroki zakres dziedzinowy: nauki \u015bcis\u0142e, humanistyczne, spo\u0142eczne, psychologi\u0119, religi\u0119, teologi\u0119, edukacj\u0119, nauki ekonomiczne, biznes, informatyk\u0119, technik\u0119, biologi\u0119, chemi\u0119, fizyk\u0119, nauki medyczne i wiele innych. \u00a0Dost\u0119p do publikacji\u00a0 na Uczelni\u00a0 lub spoza sieci uczelnianej.<br \/>\n<a href=\"http:\/\/search.ebscohost.com\/\">http:\/\/search.ebscohost.com<\/a><\/p>\n<p><strong><u>IBUK<\/u><\/strong> \u00a0\u00a0Baza ksi\u0105\u017cek elektronicznych zawieraj\u0105ca podr\u0119czniki akademickie i publikacje naukowe.\u00a0 Dost\u0119p do publikacji\u00a0 na Uczelni\u00a0 lub spoza sieci uczelnianej na stronie libra.ibuk.pl. Uwaga! \u00a0\u00a0\u00a0Aby m\u00f3c korzysta\u0107 z zaawansowanych funkcji, nale\u017cy jednorazowo utworzy\u0107 swoje osobiste konto myIbuk.<br \/>\n<a href=\"https:\/\/libra.ibuk.pl\/\">https:\/\/libra.ibuk.pl\/<\/a><\/p>\n<p><strong><u>WBN<\/u> &#8211; <\/strong><strong>Wirtualna Biblioteka Nauki<\/strong>\u00a0 Wybrane zasoby Wirtualnej Biblioteki Nauki tworzone przez ICM (Interdyscyplinarne Centrum Modelowania Matematycznego i\u00a0 Komputerowego Uniwersytetu Warszawskiego)<\/p>\n<p><strong>Dost\u0119p tylko z komputer\u00f3w na Uczelni<\/strong>.<\/p>\n<p>Wyszukiwarki zasob\u00f3w Science Direct (Elsevier) , Springer, Wiley Online Library, bazy cytowa\u0144 i abstraktowe (Scopus, Web of Science)<br \/>\n<a href=\"https:\/\/wbn.icm.edu.pl\/\">https:\/\/wbn.icm.edu.pl\/<\/a><\/p>\n<p>W tym r\u00f3wnie\u017c:<\/p>\n<ul>\n<li>Czasopismo Nature\u00a0 <a href=\"https:\/\/www.nature.com\/\">https:\/\/www.nature.com\/<\/a><\/li>\n<li>Czasopismo Science\u00a0 <a href=\"https:\/\/science.sciencemag.org\/\">https:\/\/science.sciencemag.org\/<\/a><\/li>\n<\/ul>\n<h3><strong><a id=\"academica\"><\/a>Wypo\u017cyczalnia Academica<\/strong><\/h3>\n<p><strong><u>ACADEMICA <\/u><\/strong><strong>\u2013 Wypo\u017cyczalnia mi\u0119dzybiblioteczna &#8211; <\/strong>cyfrowa wypo\u017cyczalnia ksi\u0105\u017cek i czasopism naukowych, umo\u017cliwia dost\u0119p do ok. <strong>3,5 mln p<\/strong>ublikacji ze wszystkich dziedzin wiedzy, r\u00f3wnie\u017c najnowszych, obj\u0119tych ochron\u0105 prawa autorskiego zeskanowanych przez Bibliotek\u0119 Narodow\u0105. Znajduj\u0105 si\u0119 w niej pe\u0142ne teksty podr\u0119cznik\u00f3w, monografii, skrypt\u00f3w, artyku\u0142\u00f3w oraz ca\u0142ych numer\u00f3w czasopism.<\/p>\n<p>Zasady korzystania z systemu Academica:<\/p>\n<ol>\n<li><a href=\"https:\/\/academica.edu.pl\/search\">Przegl\u0105danie zasob\u00f3w<\/a> systemu jest mo\u017cliwe z dowolnego komputera i bez konieczno\u015bci posiadania konta, <u>jednak dost\u0119p do pe\u0142nego tekstu publikacji<\/u> otrzymujemy wy\u0142\u0105cznie na terminalu dost\u0119pnym w Bibliotece G\u0142\u00f3wnej.<\/li>\n<li>Tylko zarejestrowani u\u017cytkownicy mog\u0105 mie\u0107 dost\u0119p do pe\u0142nych tekst\u00f3w. Zarejestrowanym u\u017cytkownikiem mo\u017ce zosta\u0107 osoba posiadaj\u0105ca aktywne konto biblioteczne \u2013 bezp\u0142atne konto nowego u\u017cytkownika tworz\u0105 pracownicy biblioteki, prosimy o kontakt e-mailowy na adres <a href=\"mailto:biblioteka@panschelm.edu.pl\">biblioteka@panschelm.edu.pl<\/a>.<\/li>\n<li>Zarejestrowany u\u017cytkownik mo\u017ce samodzielnie zarezerwowa\u0107 (wybra\u0107 dat\u0119 i godziny korzystania z konkretnego tytu\u0142u na terminalu w bibliotece) wybran\u0105 publikacj\u0119 korzystaj\u0105c z w\u0142asnego komputera.<\/li>\n<li>Szczeg\u00f3\u0142owe zasady korzystania z systemu dost\u0119pne s\u0105 w <a href=\"https:\/\/academica.edu.pl\/help\">Podr\u0119czniku czytelnika<\/a> oraz w zak\u0142adce <a href=\"https:\/\/academica.edu.pl\/help\">Najcz\u0119\u015bciej zadawane pytania<\/a> (link: https:\/\/academica.edu.pl\/)<\/li>\n<\/ol>\n<p>W przypadku szczeg\u00f3\u0142owych pyta\u0144 dotycz\u0105cych funkcjonowania wypo\u017cyczalni Academica zapraszamy do Biblioteki lub kontaktu telefonicznego pod nr (82) 565-64-82.<\/p>\n<p><a href=\"https:\/\/academica.edu.pl\/\">https:\/\/academica.edu.pl\/<\/a><\/p>\n<h3><strong><a id=\"Katalogi\"><\/a>Katalogi<\/strong><\/h3>\n<p><strong><u>Multiwyszukiwarka<\/u><\/strong> pozwoli Ci przeszukiwa\u0107 nasze e-zasoby( bogat\u0105, wielodziedzinow\u0105\u00a0 baz\u0119 Ebsco: czasopisma i ksi\u0105\u017cki, a tak\u017ce czytelni\u0119 on-line: IbukLibra)<br \/>\n<a href=\"https:\/\/biblioteka.panschelm.edu.pl\/\">https:\/\/biblioteka.panschelm.edu.pl\/<\/a><\/p>\n<p><strong><u>Katalog on-line<\/u><\/strong> to informacja o ksi\u0105\u017ckach, czasopismach i artyku\u0142ach, kt\u00f3re znajdziesz w naszej bibliotece w formie papierowej oraz w czytelni on-line (Ibuku)<br \/>\n<a href=\"https:\/\/katalog.panschelm.edu.pl\/\">https:\/\/katalog.panschelm.edu.pl\/<\/a><\/p>\n<p><strong><u>COPAC<\/u><\/strong> to katalog po\u0142\u0105czony, kt\u00f3ry zapewnia bezp\u0142atny dost\u0119p do katalog\u00f3w online z wielu du\u017cych bibliotek uniwersyteckich i o\u015brodk\u00f3w badawczych w Wielkiej Brytanii i Irlandii, a tak\u017ce coraz wi\u0119kszej liczby bibliotek specjalistycznych, jak r\u00f3wnie\u017c do British Library, National Library of Scotland i National Library of Wales.<br \/>\n<a href=\"https:\/\/discover.libraryhub.jisc.ac.uk\/\">https:\/\/discover.libraryhub.jisc.ac.uk\/<\/a><\/p>\n<p><strong><u>NUKAT<\/u> <\/strong>&#8211; \u00a0katalog centralny polskich bibliotek naukowych i akademickich<br \/>\n<a href=\"http:\/\/katalog.nukat.edu.pl\/search\/query?theme=nukat\">http:\/\/katalog.nukat.edu.pl\/search\/query?theme=nukat<\/a><\/p>\n<p><strong><u>Katalogi Biblioteki Narodowej<br \/>\n<\/u><\/strong><a href=\"https:\/\/www.bn.org.pl\/katalogi\">https:\/\/www.bn.org.pl\/katalogi<\/a><\/p>\n<p><strong><u>WorldCat<\/u><\/strong>\u00a0 katalog rozproszony \u0142\u0105cz\u0105cy zbiory 71 000 bibliotek ze 112 kraj\u00f3w, kt\u00f3re s\u0105 uczestnikami serwisu Online Computer Library Center. Katalog jest tworzony i prowadzony przez biblioteki, kt\u00f3rych zbiory s\u0105 w nim uj\u0119te.<br \/>\n<a href=\"https:\/\/www.worldcat.org\/\">https:\/\/www.worldcat.org\/<\/a><\/p>\n<p><strong><u>KaRo<\/u><\/strong>\u00a0 Pozwala na dost\u0119p do informacji o zasobach wielu polskich bibliotek i u\u0142atwia wyszukanie interesuj\u0105cych pozycji ksi\u0119garskich, czasopism lub opis\u00f3w bibliograficznych. Nale\u017cy go traktowa\u0107 jako narz\u0119dzie uzupe\u0142niaj\u0105ce polski centralny katalog NUKAT.<br \/>\n<a href=\"https:\/\/karo.umk.pl\/Karo\/\">https:\/\/karo.umk.pl\/Karo\/<\/a><\/p>\n<h3><strong><a id=\"Bazy_i_Portale\"><\/a>Bazy i Portale<\/strong><\/h3>\n<ul>\n<li><a href=\"https:\/\/www.gov.pl\/web\/edukacja-i-nauka\/rekomendacje-mnisw-dotyczace-ksztalcenia-zdalnego\">https:\/\/www.gov.pl\/web\/edukacja-i-nauka\/rekomendacje-mnisw-dotyczace-ksztalcenia-zdalnego<\/a>&#8211; rekomendowane przez Ministerstwo Edukacji i Nauki e-\u017ar\u00f3d\u0142a<\/li>\n<li><a href=\"https:\/\/icm.edu.pl\/edukacja\/otwarta-nauka\/\">https:\/\/icm.edu.pl\/edukacja\/otwarta-nauka\/<\/a> &#8211; bazy bibliograficzne i\u00a0 pe\u0142notekstowe umo\u017cliwiaj\u0105ce przeszukiwanie repozytori\u00f3w, wyszukiwanie ksi\u0105\u017cek , czasopism \u00a0i artyku\u0142\u00f3w naukowych<\/li>\n<li><a href=\"https:\/\/zenodo.org\/\">https:\/\/zenodo.org\/<\/a>\u00a0 &#8211; repozytorium artyku\u0142\u00f3w naukowych i danych badawczych utworzonych przez Komisj\u0119 Europejsk\u0105, kt\u00f3rych \u017ar\u00f3d\u0142em finansowania s\u0105 projekty unijne<\/li>\n<li><a href=\"https:\/\/www.doabooks.org\/\">https:\/\/www.doabooks.org\/<\/a>\u00a0 &#8211; wyszukiwarka e-book\u00f3w w otwartym dost\u0119pie<\/li>\n<li><a href=\"https:\/\/ec.europa.eu\/eurostat\/web\/main\/home\">https:\/\/ec.europa.eu\/eurostat\/web\/main\/home<\/a> &#8211; bazy danych Unii Europejskiej<\/li>\n<li><a href=\"https:\/\/gate.bg.pw.edu.pl\/ALEPH\">https:\/\/gate.bg.pw.edu.pl\/ALEPH<\/a>\u00a0 \u00a0&#8211; baza zawiera informacje o materia\u0142ach konferencyjnych dost\u0119pnych w bibliotekach polskich. Rejestruje ona dokumenty o konferencjach, kt\u00f3re odby\u0142y si\u0119 po 1980 r. Zawiera ok. 27100 rekord\u00f3w i aktualizowana jest w trybie cotygodniowym. Zakres : od 1980<\/li>\n<li><a href=\"https:\/\/uprp.gov.pl\/pl\">https:\/\/uprp.gov.pl\/pl<\/a> &#8211; \u00a0bazy Urz\u0119du Patentowego<\/li>\n<li><a href=\"https:\/\/dane.gov.pl\/pl\">https:\/\/dane.gov.pl\/pl<\/a>\u00a0 &#8211; portal z danymi publicznymi, s\u0105 to dane ponad 100 instytucji publicznych. Dane na bie\u017c\u0105co aktualizowane,\u00a0 udost\u0119pniane bezp\u0142atnie do ponownego wykorzystywania.<\/li>\n<li><a href=\"https:\/\/www.pkn.pl\/?lang=pl&amp;pid=sg\">https:\/\/www.pkn.pl\/?lang=pl&amp;pid=sg<\/a>\u00a0 &#8211; strona Polskiego Komitetu Normalizuj\u0105cego<\/li>\n<li><a href=\"https:\/\/iep.utm.edu\/\">https:\/\/iep.utm.edu\/<\/a> &#8211; internetowa encyklopedia filozofii, w j\u0119zyku angielskim<\/li>\n<li><a href=\"http:\/\/isap.sejm.gov.pl\">http:\/\/isap.sejm.gov.pl<\/a>\u00a0 &#8211; Polski Internetowy System Akt\u00f3w Prawnych<\/li>\n<\/ul>\n<h3><strong><a id=\"Biblioteki\"><\/a>Biblioteki<\/strong><\/h3>\n<ul>\n<li><a href=\"https:\/\/fbc.pionier.net.pl\">https:\/\/fbc.pionier.net.pl<\/a>\u00a0 &#8211;\u00a0 Federacja Bibliotek Cyfrowych &#8211; baza przeszukuj\u0105ca biblioteki cyfrowe i\u00a0 muzea<\/li>\n<li><a href=\"http:\/\/www.fh-augsburg.de\/~harsch\/augustana.html\">http:\/\/www.fh-augsburg.de\/~harsch\/augustana.html<\/a> \u00a0&#8211; \u00a0Biblioteka Augustyna &#8211;\u00a0 zawiera zbi\u00f3r utwor\u00f3w i dzie\u0142 pisarzy, poet\u00f3w, filozof\u00f3w w j\u0119zykach oryginalnych.<\/li>\n<li><a href=\"https:\/\/www.wbc.poznan.pl\/dlibra\">https:\/\/www.wbc.poznan.pl\/dlibra<\/a>\u00a0 &#8211; Wielkopolska Biblioteka Cyfrowa &#8211; pozwala dotrze\u0107 do najstarszych zabytk\u00f3w pi\u015bmiennictwa polskiego, skorzysta\u0107 z biblioteki skrypt\u00f3w i podr\u0119cznik\u00f3w, obejrze\u0107 wystawy unikalnych zbior\u00f3w z kolekcji wielkopolskich bibliotek<\/li>\n<li><a href=\"https:\/\/polona.pl\">https:\/\/polona.pl<\/a>\u00a0\u00a0 &#8211; cyfrowa biblioteka Polona. Administratorem jest Biblioteka Narodowa, kt\u00f3ra udost\u0119pnia w serwisie nie tylko swoje zbiory, ale te\u017c obiekty innych instytucji \u2013 w\u015br\u00f3d zdigitalizowanych dokument\u00f3w s\u0105: ksi\u0105\u017cki, stare druki, r\u0119kopisy, grafiki, mapy, nuty, fotografie, ulotki, afisze i poczt\u00f3wki<\/li>\n<li><a href=\"https:\/\/wolnelektury.pl\">https:\/\/wolnelektury.pl<\/a>\u00a0 &#8211; biblioteka cyfrowa z pe\u0142nymi tekstami lektur szkolnych<\/li>\n<li><a href=\"https:\/\/www.szukajwarchiwach.gov.pl\/web\/narodowe-archiwum-cyfrowe\">https:\/\/www.szukajwarchiwach.gov.pl\/web\/narodowe-archiwum-cyfrowe<\/a>\u00a0 &#8211;\u00a0 zdigitalizowane zbiory Narodowego Archiwum Cyfrowego<\/li>\n<li><a href=\"https:\/\/www.theeuropeanlibrary.org\/\">https:\/\/www.theeuropeanlibrary.org\/<\/a>\u00a0 &#8211;\u00a0 strona Biblioteki Europejskiej<\/li>\n<li><a href=\"https:\/\/stat.gov.pl\/\">https:\/\/stat.gov.pl\/<\/a> &#8211;\u00a0\u00a0 strona G\u0142\u00f3wnego Urz\u0119du Statystycznego<\/li>\n<\/ul>\n<h3><strong><a id=\"Czasopisma\"><\/a>Czasopisma<\/strong><\/h3>\n<ul>\n<li><a href=\"https:\/\/arianta.pl\/#\/szukaj\">https:\/\/arianta.pl\/#\/szukaj<\/a>\u00a0 &#8211; baza czasopism naukowych i bran\u017cowych dost\u0119pnych on-line. Abstrakty oraz pe\u0142ne teksty artyku\u0142\u00f3w<\/li>\n<li><a href=\"https:\/\/www.doaj.org\">https:\/\/www.doaj.org<\/a> \u00a0&#8211; czasopisma publikowane przez r\u00f3\u017cne wydawnictwa uczelniane i towarzystwa naukowe. Tematyka: architektura i sztuka, biznes i ekonomia, chemia, fizyka, in\u017cynieria materia\u0142\u00f3w, matematyka i statystyka, nauki o \u017cywno\u015bci, nauki spo\u0142eczne, \u015brodowisko, technika i technologia<\/li>\n<li><a href=\"http:\/\/ezb.uni-regensburg.de\/ezeit\">http:\/\/ezb.uni-regensburg.de\/ezeit<\/a>\u00a0\u00a0 &#8211; baza gromadz\u0105ca interdyscyplinarne e-czasopisma naukowe<br \/>\nInformacja o tym, czy u\u017cytkownik mo\u017ce uzyska\u0107 wersj\u0119 pe\u0142notekstow\u0105 dokumentu wzorowana jest na systemie \u015bwiate\u0142 drogowych.<br \/>\nZielone \u015bwiat\u0142o oznacza czasopisma darmowe. Artyku\u0142y z tych czasopism dost\u0119pne s\u0105 w wersji pe\u0142notekstowej.<br \/>\n\u017b\u00f3\u0142te \u015bwiat\u0142o dotyczy tych czasopism, na kt\u00f3re licencje biblioteka posiada.<br \/>\nCzerwone \u015bwiat\u0142o oznacza czasopisma , na kt\u00f3re nie wykupiono subskrypcji. W tym przypadku mo\u017cna jedynie zobaczy\u0107 spis tre\u015bci, czasami tak\u017ce abstrakty<\/li>\n<li><a href=\"https:\/\/www.ejournals.eu\">https:\/\/www.ejournals.eu<\/a>\u00a0 \u00a0&#8211; portal czasopism naukowych Uniwersytetu Jagiello\u0144skiego<\/li>\n<li><a href=\"http:\/\/yadda.icm.edu.pl\/yadda\/search\/general.action?cid=5b7f64b1-9ac4-43e5-a977-5d795ff79c76\">http:\/\/yadda.icm.edu.pl\/yadda\/search\/general.action?cid=5b7f64b1-9ac4-43e5-a977-5d795ff79c76<\/a> &#8211; wyszukiwarka abstrakt\u00f3w lub pe\u0142nych\u00a0 tekst artyku\u0142\u00f3w z pism naukowych, obejmuje sze\u015b\u0107\u00a0 baz : AGRO (nauk przyrodnicze i rolnicze), BazTech (nauk techniczne, \u015bcis\u0142e i ochrona \u015brodowiska), CEJSH (nauki spo\u0142eczne i humanistyczne), DML-PL (nauki matematyczne), PSJD (nauki\u00a0 fizycznych i chemicznych, medyczne) oraz BazEkon (nauki ekonomiczne).<\/li>\n<li><a href=\"https:\/\/czasopisma.pan.pl\/dlibra\/journals-index?branch=47173&amp;ipp=40&amp;p=0\">https:\/\/czasopisma.pan.pl\/dlibra\/journals-index?branch=47173&amp;ipp=40&amp;p=0<\/a> \u00a0\u2013 czasopisma Polskiej Akademii Nauk<\/li>\n<li><a href=\"http:\/\/www.pau.krakow.pl\/index.php\/pl\/wydawnictwo\/strony-czasopism\">http:\/\/www.pau.krakow.pl\/index.php\/pl\/wydawnictwo\/strony-czasopism<\/a> &#8211; czasopisma Polskiej Akademii Umiej\u0119tno\u015bci<\/li>\n<\/ul>\n<h3><strong><a id=\"Wyszukiwarki_naukowe\"><\/a>Wyszukiwarki naukowe<\/strong><\/h3>\n<ul>\n<li><a href=\"https:\/\/scholar.google.com\/\">https:\/\/scholar.google.com\/<\/a><\/li>\n<li><a href=\"https:\/\/academic.microsoft.com\/home\">https:\/\/academic.microsoft.com\/home<\/a><\/li>\n<li><a href=\"https:\/\/www.base-search.net\">https:\/\/www.base-search.net<\/a><\/li>\n<\/ul>\n<h3><strong><a id=\"Otwarta_Nauka\"><\/a>Otwarta Nauka<\/strong><\/h3>\n<ul>\n<li><a href=\"https:\/\/otwartanauka.pl\/\">https:\/\/otwartanauka.pl\/<\/a><\/li>\n<li><a href=\"http:\/\/pon.edu.pl\/\">http:\/\/pon.edu.pl\/<\/a><\/li>\n<li><a href=\"https:\/\/uwolnijnauke.pl\/\">https:\/\/uwolnijnauke.pl\/<\/a><\/li>\n<li><a href=\"http:\/\/koed.org.pl\/pl\/\">http:\/\/koed.org.pl\/pl\/<\/a><\/li>\n<\/ul>\n<h3><strong><a id=\"S\u0142owniki\"><\/a>S\u0142owniki<\/strong><\/h3>\n<ul>\n<li><a href=\"https:\/\/ling.pl\">https:\/\/ling.pl<\/a> \u00a0\u00a0&#8211; s\u0142ownik on-line,\u00a0 zawieraj\u0105cy bazy hase\u0142 dostarczone przez renomowanych wydawc\u00f3w, dla wszystkich j\u0119zyk\u00f3w zawiera ponad 4,5 hase\u0142 (s\u0142owniki:\u00a0 angielsko-polski, niemiecko-polski, francusko-polski, hiszpa\u0144sko-polski, w\u0142osko-polski, rosyjsko-polski)<\/li>\n<li><a href=\"http:\/\/dep.pl\/plde\">http:\/\/dep.pl\/plde<\/a> \u00a0&#8211; s\u0142ownik polsko -niemiecki<\/li>\n<li><a href=\"https:\/\/edict.pl\/dict?lang=EN\">https:\/\/edict.pl\/dict?lang=EN<\/a> \u00a0&#8211; s\u0142ownik polsko-angielski<\/li>\n<\/ul>\n<h3><strong><a id=\"Kultura\"><\/a>Kultura<\/strong><\/h3>\n<ul>\n<li><a href=\"http:\/\/pbl.ibl.poznan.pl\/dostep\/\">http:\/\/pbl.ibl.poznan.pl\/dostep\/<\/a>\u00a0 &#8211; tysi\u0105ce informacji o pisarzach, literaturze polskiej i obcej, teorii literatury, tematach i motywach literackich, nauczaniu literatury, teatrze, filmie, \u017cyciu literackim i teatralnym, polskich aktorach i re\u017cyserach,<\/li>\n<li><a href=\"https:\/\/filmpolski.pl\/fp\/index.php\">https:\/\/filmpolski.pl\/fp\/index.php<\/a>\u00a0 \u00a0&#8211; film polski, film w prasie polskiej<\/li>\n<li><a href=\"https:\/\/ninateka.pl\/\">https:\/\/ninateka.pl\/<\/a>\u00a0\u00a0 &#8211; zasoby Narodowego Instytutu Audiowizualnego<\/li>\n<\/ul>\n","protected":false},"excerpt":{"rendered":"<p>E-zasoby og\u00f3lne: Bazy licencjonowane Wypo\u017cyczalnia Academica Katalogi Bazy i portale Biblioteki Czasopisma Wyszukiwarki naukowe Otwarta Nauka S\u0142owniki Kultura E- zasoby wed\u0142ug dziedzin: E-zasoby og\u00f3lne Pedagogika, Stosunki Mi\u0119dzynarodowe, Bezpiecze\u0144stwo Wewn\u0119trzne Matematyka, Mechanika, Budownictwo, Lotnictwo. Elektrotechnika Neofilologia Medycyna, Piel\u0119gniarstwo Rolnictwo, Dietetyka Bazy licencjonowane Bazy, do kt\u00f3rych Biblioteka PANS w Che\u0142mie ma dost\u0119p p\u0142atny (na podstawie um\u00f3w i [&hellip;]<\/p>\n","protected":false},"author":1,"featured_media":0,"parent":0,"menu_order":0,"comment_status":"closed","ping_status":"closed","template":"","meta":{"footnotes":""},"class_list":["post-44","page","type-page","status-publish","hentry"],"_links":{"self":[{"href":"https:\/\/biblioteka.panschelm.edu.pl\/index.php?rest_route=\/wp\/v2\/pages\/44","targetHints":{"allow":["GET"]}}],"collection":[{"href":"https:\/\/biblioteka.panschelm.edu.pl\/index.php?rest_route=\/wp\/v2\/pages"}],"about":[{"href":"https:\/\/biblioteka.panschelm.edu.pl\/index.php?rest_route=\/wp\/v2\/types\/page"}],"author":[{"embeddable":true,"href":"https:\/\/biblioteka.panschelm.edu.pl\/index.php?rest_route=\/wp\/v2\/users\/1"}],"replies":[{"embeddable":true,"href":"https:\/\/biblioteka.panschelm.edu.pl\/index.php?rest_route=%2Fwp%2Fv2%2Fcomments&post=44"}],"version-history":[{"count":16,"href":"https:\/\/biblioteka.panschelm.edu.pl\/index.php?rest_route=\/wp\/v2\/pages\/44\/revisions"}],"predecessor-version":[{"id":521,"href":"https:\/\/biblioteka.panschelm.edu.pl\/index.php?rest_route=\/wp\/v2\/pages\/44\/revisions\/521"}],"wp:attachment":[{"href":"https:\/\/biblioteka.panschelm.edu.pl\/index.php?rest_route=%2Fwp%2Fv2%2Fmedia&parent=44"}],"curies":[{"name":"wp","href":"https:\/\/api.w.org\/{rel}","templated":true}]}}