{"id":839,"date":"2020-10-02T09:25:40","date_gmt":"2020-10-02T07:25:40","guid":{"rendered":"http:\/\/biblioteka.pwszchelm.edu.pl\/?page_id=839"},"modified":"2022-10-27T21:29:10","modified_gmt":"2022-10-27T19:29:10","slug":"szkolenia-biblioteczne-dla-studentow-i-roku","status":"publish","type":"page","link":"https:\/\/biblioteka.panschelm.edu.pl\/?page_id=839","title":{"rendered":"Szkolenia biblioteczne dla student\u00f3w I roku"},"content":{"rendered":"<p>Prezentacja dla student\u00f3w\u00a0 &#8211; <a href=\"\/wp-content\/uploads\/2022\/10\/Przysposobienie-biblioteczne-1.pdf\">szkolenie biblioteczne cz\u0119\u015b\u0107 I<\/a><\/p>\n<p>Prezentacja dla student\u00f3w\u00a0 &#8211; <a href=\"\/wp-content\/uploads\/2022\/10\/Przysposobienie-biblioteczne-cz.-2.pdf\">szkolenie biblioteczne cz\u0119\u015b\u0107 II<\/a><\/p>\n","protected":false},"excerpt":{"rendered":"<p>Prezentacja dla student\u00f3w\u00a0 &#8211; szkolenie biblioteczne cz\u0119\u015b\u0107 I Prezentacja dla student\u00f3w\u00a0 &#8211; szkolenie biblioteczne cz\u0119\u015b\u0107 II<\/p>\n","protected":false},"author":1,"featured_media":840,"parent":0,"menu_order":0,"comment_status":"closed","ping_status":"closed","template":"","meta":{"footnotes":""},"class_list":["post-839","page","type-page","status-publish","has-post-thumbnail","hentry"],"_links":{"self":[{"href":"https:\/\/biblioteka.panschelm.edu.pl\/index.php?rest_route=\/wp\/v2\/pages\/839","targetHints":{"allow":["GET"]}}],"collection":[{"href":"https:\/\/biblioteka.panschelm.edu.pl\/index.php?rest_route=\/wp\/v2\/pages"}],"about":[{"href":"https:\/\/biblioteka.panschelm.edu.pl\/index.php?rest_route=\/wp\/v2\/types\/page"}],"author":[{"embeddable":true,"href":"https:\/\/biblioteka.panschelm.edu.pl\/index.php?rest_route=\/wp\/v2\/users\/1"}],"replies":[{"embeddable":true,"href":"https:\/\/biblioteka.panschelm.edu.pl\/index.php?rest_route=%2Fwp%2Fv2%2Fcomments&post=839"}],"version-history":[{"count":3,"href":"https:\/\/biblioteka.panschelm.edu.pl\/index.php?rest_route=\/wp\/v2\/pages\/839\/revisions"}],"predecessor-version":[{"id":1070,"href":"https:\/\/biblioteka.panschelm.edu.pl\/index.php?rest_route=\/wp\/v2\/pages\/839\/revisions\/1070"}],"wp:featuredmedia":[{"embeddable":true,"href":"https:\/\/biblioteka.panschelm.edu.pl\/index.php?rest_route=\/wp\/v2\/media\/840"}],"wp:attachment":[{"href":"https:\/\/biblioteka.panschelm.edu.pl\/index.php?rest_route=%2Fwp%2Fv2%2Fmedia&parent=839"}],"curies":[{"name":"wp","href":"https:\/\/api.w.org\/{rel}","templated":true}]}}