{"id":9,"date":"2016-02-17T13:21:12","date_gmt":"2016-02-17T12:21:12","guid":{"rendered":"http:\/\/biblioteka2.pwsz.chelm.pl\/?page_id=9"},"modified":"2022-05-17T11:25:41","modified_gmt":"2022-05-17T09:25:41","slug":"biblioteka-glowna","status":"publish","type":"page","link":"https:\/\/biblioteka.panschelm.edu.pl\/?page_id=9","title":{"rendered":"Biblioteka"},"content":{"rendered":"<h2><strong>Pa\u0144stwowa Akademia Nauk Stosowanych w\u00a0Che\u0142mie<\/strong><\/h2>\n<h2><strong>Biblioteka G\u0142\u00f3wna<\/strong><\/h2>\n<p>22-100 Che\u0142m<strong><img loading=\"lazy\" decoding=\"async\" class=\"alignright wp-image-167\" src=\"http:\/\/biblioteka2.pwsz.chelm.pl\/wp-content\/uploads\/2016\/02\/m_foto100_1-300x225.png\" alt=\"m_foto100_1\" width=\"343\" height=\"257\" srcset=\"https:\/\/biblioteka.panschelm.edu.pl\/wp-content\/uploads\/2016\/02\/m_foto100_1-300x225.png 300w, https:\/\/biblioteka.panschelm.edu.pl\/wp-content\/uploads\/2016\/02\/m_foto100_1.png 306w\" sizes=\"auto, (max-width: 343px) 100vw, 343px\" \/><\/strong><br \/>\nul. Pocztowa 54<\/p>\n<p>tel. 82 565 64 82<br \/>\ne-mail <a href=\"mailto:biblioteka@panschelm.edu.pl\">biblioteka@panschelm.edu.pl<\/a><\/p>\n<p><strong>Informacje og\u00f3lne:<\/strong><\/p>\n<p style=\"text-align: justify;\">Biblioteka PANS jest jednostk\u0105 og\u00f3lnouczelnian\u0105 o zadaniach us\u0142ugowych i dydaktycznych.<\/p>\n<p>W jej sk\u0142ad wchodz\u0105:<\/p>\n<ul>\n<li><strong>Biblioteka G\u0142\u00f3wna<\/strong> &#8211; ul. Pocztowa 54<\/li>\n<li><strong>Wypo\u017cyczalnia<\/strong><\/li>\n<li><strong>Czytelnia G\u0142\u00f3wna<\/strong><\/li>\n<li><strong>Archiwum<\/strong> &#8211; ul. Pocztowa 54<\/li>\n<\/ul>\n<p style=\"text-align: justify;\">Biblioteka PANS w Che\u0142mie powsta\u0142a w 2002 roku, aby s\u0142u\u017cy\u0107 potrzebom uczelni. Jej podstawowym zadaniem jest organizowanie warsztatu pracy naukowej dla nauczycieli akademickich i student\u00f3w.<\/p>\n<p style=\"text-align: justify;\">Biblioteka ma charakter naukowy i gromadzi pi\u015bmiennictwo zwi\u0105zane z dziedzinami wiedzy \u00a0wyk\u0142adanymi \u00a0na uczelni. Ksi\u0119gozbi\u00f3r liczy aktualnie oko\u0142o 40 000 wolumin\u00f3w.<\/p>\n<p style=\"text-align: justify;\">Katalog on-line Biblioteki PANS pracuje w systemie SOWA2\/MARC21. Zawiera opisy bibliograficzne wszystkich rodzaj\u00f3w dokument\u00f3w zgromadzonych w bibliotece tj.: ksi\u0105\u017cek, czasopism, map, norm, wydawnictw multimedialnych i elektronicznych.<\/p>\n<p>Katalog on-line dost\u0119pny jest z ka\u017cdego komputera pod\u0142\u0105czonego do Internetu i pozwala na :<\/p>\n<ul>\n<li>przegl\u0105danie zasob\u00f3w biblioteki;<\/li>\n<li>zarezerwowanie ksi\u0105\u017cek;<\/li>\n<li style=\"text-align: justify;\">zam\u00f3wienie ksi\u0105\u017cek obecnie wypo\u017cyczonych przez innych u\u017cytkownik\u00f3w;<\/li>\n<li style=\"text-align: justify;\">sprawdzenie stanu konta czytelnika (czyli aktualnych wypo\u017cycze\u0144, rezerwacji, zam\u00f3wie\u0144 oraz termin\u00f3w zwrot\u00f3w wypo\u017cyczonych pozycji);<\/li>\n<li style=\"text-align: justify;\">dokonywanie prolongaty online poprzez w\u0142asne konto czytelnicze;<\/li>\n<li>dokonywanie zestawie\u0144 bibliograficznych.<\/li>\n<\/ul>\n<p style=\"text-align: justify;\">W wypo\u017cyczalni znajduje si\u0119 6 stanowisk komputerowych, w tym 3 do obs\u0142ugi czytelnik\u00f3w\u00a0i 3 do przeszukiwania katalogu. Prowadzony jest komputerowy rejestr wypo\u017cycze\u0144.<\/p>\n<div style=\"text-align: justify;\">Sie\u0107 Internet jest udost\u0119pniana bezp\u0142atnie na 10 stanowiskach komputerowych w Czytelni G\u0142\u00f3wnej.<\/div>\n<div>\n<div style=\"text-align: justify;\">Biblioteka gromadzi czasopisma &#8211; krajowe i zagraniczne, z kt\u00f3rych pracownicy uczelni oraz studenci mog\u0105 korzysta\u0107 na miejscu, b\u0105d\u017a wypo\u017cycza\u0107 je na ustalonych warunkach.<\/div>\n<div style=\"text-align: justify;\">Biblioteka uczelniana &#8211; poprzez tworzenie mo\u017cliwo\u015bci szerokiego dost\u0119pu do informacji &#8211; zapewnia studentom doskonalenie umiej\u0119tno\u015bci docierania do literatury za pomoc\u0105 nowoczesnych \u017ar\u00f3de\u0142 informacji i tw\u00f3rczego ich wykorzystania.<\/div>\n<\/div>\n","protected":false},"excerpt":{"rendered":"<p>Pa\u0144stwowa Akademia Nauk Stosowanych w\u00a0Che\u0142mie Biblioteka G\u0142\u00f3wna 22-100 Che\u0142m ul. Pocztowa 54 tel. 82 565 64 82 e-mail biblioteka@panschelm.edu.pl Informacje og\u00f3lne: Biblioteka PANS jest jednostk\u0105 og\u00f3lnouczelnian\u0105 o zadaniach us\u0142ugowych i dydaktycznych. W jej sk\u0142ad wchodz\u0105: Biblioteka G\u0142\u00f3wna &#8211; ul. Pocztowa 54 Wypo\u017cyczalnia Czytelnia G\u0142\u00f3wna Archiwum &#8211; ul. Pocztowa 54 Biblioteka PANS w Che\u0142mie powsta\u0142a w [&hellip;]<\/p>\n","protected":false},"author":1,"featured_media":0,"parent":0,"menu_order":0,"comment_status":"closed","ping_status":"closed","template":"","meta":{"footnotes":""},"class_list":["post-9","page","type-page","status-publish","hentry"],"_links":{"self":[{"href":"https:\/\/biblioteka.panschelm.edu.pl\/index.php?rest_route=\/wp\/v2\/pages\/9","targetHints":{"allow":["GET"]}}],"collection":[{"href":"https:\/\/biblioteka.panschelm.edu.pl\/index.php?rest_route=\/wp\/v2\/pages"}],"about":[{"href":"https:\/\/biblioteka.panschelm.edu.pl\/index.php?rest_route=\/wp\/v2\/types\/page"}],"author":[{"embeddable":true,"href":"https:\/\/biblioteka.panschelm.edu.pl\/index.php?rest_route=\/wp\/v2\/users\/1"}],"replies":[{"embeddable":true,"href":"https:\/\/biblioteka.panschelm.edu.pl\/index.php?rest_route=%2Fwp%2Fv2%2Fcomments&post=9"}],"version-history":[{"count":9,"href":"https:\/\/biblioteka.panschelm.edu.pl\/index.php?rest_route=\/wp\/v2\/pages\/9\/revisions"}],"predecessor-version":[{"id":1050,"href":"https:\/\/biblioteka.panschelm.edu.pl\/index.php?rest_route=\/wp\/v2\/pages\/9\/revisions\/1050"}],"wp:attachment":[{"href":"https:\/\/biblioteka.panschelm.edu.pl\/index.php?rest_route=%2Fwp%2Fv2%2Fmedia&parent=9"}],"curies":[{"name":"wp","href":"https:\/\/api.w.org\/{rel}","templated":true}]}}