{"id":931,"date":"2021-09-24T10:16:31","date_gmt":"2021-09-24T08:16:31","guid":{"rendered":"http:\/\/biblioteka.pwszchelm.edu.pl\/?page_id=931"},"modified":"2026-03-11T11:42:23","modified_gmt":"2026-03-11T10:42:23","slug":"e-zasoby-matematyka-mechanika-budownictwo-lotnictwo-elektrotechnika","status":"publish","type":"page","link":"https:\/\/biblioteka.panschelm.edu.pl\/?page_id=931","title":{"rendered":"E-zasoby: Matematyka, Mechanika, Budownictwo, Lotnictwo, Elektrotechnika"},"content":{"rendered":"<h2><strong>E-zasoby: Matematyka, Mechanika, Budownictwo, Lotnictwo, Elektrotechnika<\/strong><\/h2>\n<ul>\n<li><a href=\"#Bazy_licencjonowane\">Bazy licencjonowane<\/a><\/li>\n<li><a href=\"#Bazy\">Bazy<\/a><\/li>\n<li><a href=\"#Czasopisma_on-line\">Czasopisma on-line<\/a><\/li>\n<li><a href=\"#Portale_informacyjne\">Portale informacyjne<\/a><\/li>\n<\/ul>\n<h2><strong>E- zasoby wed\u0142ug dziedzin:<\/strong><\/h2>\n<ul>\n<li><a href=\"https:\/\/biblioteka.panschelm.edu.pl\/?page_id=44\">E-zasoby og\u00f3lne<\/a><\/li>\n<li><a href=\"https:\/\/biblioteka.panschelm.edu.pl\/?page_id=926\">Pedagogika, Stosunki Mi\u0119dzynarodowe, Bezpiecze\u0144stwo Wewn\u0119trzne<\/a><\/li>\n<li><a href=\"https:\/\/biblioteka.panschelm.edu.pl\/?page_id=931\">Matematyka, Mechanika, Budownictwo, Lotnictwo. Elektrotechnika<\/a><\/li>\n<li><a href=\"https:\/\/biblioteka.panschelm.edu.pl\/?page_id=933\">Neofilologia<\/a><\/li>\n<li><a href=\"https:\/\/biblioteka.panschelm.edu.pl\/?page_id=935\">Medycyna, Piel\u0119gniarstwo<\/a><\/li>\n<li><a href=\"https:\/\/biblioteka.panschelm.edu.pl\/?page_id=937\">Rolnictwo, Dietetyka<\/a><\/li>\n<\/ul>\n<hr \/>\n<h3><strong><a id=\"Bazy_licencjonowane\"><\/a>Bazy licencjonowane<\/strong><\/h3>\n<p>Bazy, do kt\u00f3rych Biblioteka PANS w Che\u0142mie ma dost\u0119p p\u0142atny (na podstawie um\u00f3w i licencji). Z tych \u017ar\u00f3de\u0142 mog\u0105 skorzysta\u0107 pracownicy oraz studenci PANS w Che\u0142mie. Aby uzyska\u0107 dost\u0119p nale\u017cy si\u0119 skontaktowa\u0107 z Bibliotek\u0105.<\/p>\n<p>&nbsp;<\/p>\n<p><strong><u>EBSCO<\/u> <\/strong>serwis oferuje dost\u0119p do pe\u0142nych tekst\u00f3w oraz spis\u00f3w tre\u015bci i abstrakt\u00f3w zagranicznych czasopism, tak\u017ce naukowych, obejmuj\u0105cych szeroki zakres dziedzinowy: nauki \u015bcis\u0142e, humanistyczne, spo\u0142eczne, psychologi\u0119, religi\u0119, teologi\u0119, edukacj\u0119, nauki ekonomiczne, biznes, informatyk\u0119, technik\u0119, biologi\u0119, chemi\u0119, fizyk\u0119, nauki medyczne i wiele innych. \u00a0Dost\u0119p do publikacji\u00a0 na Uczelni\u00a0 lub spoza sieci uczelnianej.<br \/>\n<a href=\"http:\/\/search.ebscohost.com\/\">http:\/\/search.ebscohost.com<\/a><\/p>\n<p><strong><u>IBUK Libra<\/u><\/strong> \u00a0\u00a0Baza ksi\u0105\u017cek elektronicznych zawieraj\u0105ca podr\u0119czniki akademickie i publikacje naukowe.\u00a0 Dost\u0119p do publikacji\u00a0 na Uczelni\u00a0 lub spoza sieci uczelnianej na stronie libra.ibuk.pl. Uwaga! \u00a0\u00a0\u00a0Aby m\u00f3c korzysta\u0107 z zaawansowanych funkcji, nale\u017cy jednorazowo utworzy\u0107 swoje osobiste konto myIbuk.<br \/>\n<a href=\"https:\/\/libra.ibuk.pl\/\">https:\/\/libra.ibuk.pl\/<\/a><\/p>\n<p><strong><u>WBN<\/u> &#8211; <\/strong><strong>Wirtualna Biblioteka Nauki<\/strong>\u00a0 Wybrane zasoby Wirtualnej Biblioteki Nauki tworzone przez ICM (Interdyscyplinarne Centrum Modelowania Matematycznego i\u00a0 Komputerowego Uniwersytetu Warszawskiego)<\/p>\n<p><strong>Dost\u0119p tylko z komputer\u00f3w na Uczelni<\/strong>.<\/p>\n<p>Wyszukiwarki zasob\u00f3w Science Direct (Elsevier) , Springer , Wiley Online Library, bazy cytowa\u0144 i abstraktowe (Scopus, Web of Science)<br \/>\n<a href=\"https:\/\/wbn.icm.edu.pl\/\">https:\/\/wbn.icm.edu.pl\/<\/a><\/p>\n<h3><strong><a id=\"Bazy\"><\/a>Bazy<\/strong><\/h3>\n<ul>\n<li><a href=\"https:\/\/baztech.icm.edu.pl\">https:\/\/baztech.icm.edu.pl<\/a> \u2013 baza danych o zawarto\u015bci polskich czasopism technicznych<\/li>\n<li><a href=\"http:\/\/lib.is.gliwice.pl\/library\/catalog?bibliography\">http:\/\/lib.is.gliwice.pl\/library\/catalog?bibliography<\/a> \u2013 BASPAW &#8211; to tworzona w Instytucie Spawalnictwa\u00a0 baza bibliograficzno-abstraktowa, obejmuj\u0105ca artyku\u0142y z literatury \u015bwiatowej na temat spawalnictwa i dziedzin pokrewnych<\/li>\n<li><a href=\"http:\/\/baztol.library.put.poznan.pl\/baztol_czytelnik\/baztol\">http:\/\/baztol.library.put.poznan.pl\/baztol_czytelnik\/baztol<\/a> &#8211; polskie zasoby sieciowe z zakresu nauk technicznych<\/li>\n<li><a href=\"https:\/\/uprp.gov.pl\/pl\">https:\/\/uprp.gov.pl\/pl<\/a>\u00a0 &#8211; bazy Urz\u0119du Patentowego<\/li>\n<li><a href=\"https:\/\/repo.pw.edu.pl\/index.seam\">https:\/\/repo.pw.edu.pl\/index.seam<\/a>\u00a0 &#8211; baza wiedzy Politechniki Warszawskiej<\/li>\n<li><a href=\"https:\/\/rcin.org.pl\/dlibra\/\">https:\/\/rcin.org.pl\/dlibra\/<\/a> &#8211;\u00a0 Repozytorium Cyfrowe Instytut\u00f3w Naukowych<\/li>\n<li><a href=\"https:\/\/repod.icm.edu.pl\/%20%20\">https:\/\/repod.icm.edu.pl\/\u00a0 <\/a>\u00a0\u00a0&#8211; Repozytorium Otwartych Danych<\/li>\n<li><a href=\"http:\/\/pldml.icm.edu.pl\/pldml\/browse\/articles-pldml.action\">http:\/\/pldml.icm.edu.pl\/pldml\/browse\/articles-pldml.action<\/a>\u00a0 &#8211; Polska Cyfrowa Biblioteka Matematyczna<\/li>\n<li><a href=\"https:\/\/initiative.eudml.org\/\">https:\/\/initiative.eudml.org\/<\/a>\u00a0 &#8211; baza Cyfrowej Europejskej\u00a0 Biblioteki z dziedziny matematyki<\/li>\n<li><a href=\"https:\/\/pubchem.ncbi.nlm.nih.gov\">https:\/\/pubchem.ncbi.nlm.nih.gov<\/a>\u00a0\u00a0 -PubChem jest baz\u0105 danych Narodowego Instytutu Zdrowia USA. \u0179r\u00f3d\u0142o informacji z dziedziny chemii dla student\u00f3w, naukowc\u00f3w oraz zainteresowanych chemi\u0105 i biochemi\u0105<\/li>\n<li><a href=\"http:\/\/emis.icm.edu.pl\/index.html\">http:\/\/emis.icm.edu.pl\/index.html<\/a>\u00a0 &#8211; Europejski Matematyczny Serwis Informacyjny<\/li>\n<\/ul>\n<h3><strong><a id=\"Czasopisma_on-line\"><\/a>Czasopisma on-line<\/strong><\/h3>\n<ul>\n<li><a href=\"https:\/\/journals.bg.agh.edu.pl\">https:\/\/journals.bg.agh.edu.pl<\/a>\u00a0 &#8211; czasopisma AGH on-line<\/li>\n<li><a href=\"https:\/\/czasopisma.pan.pl\/dlibra\/journals-index?branch=46958&amp;ipp=40&amp;p=0\">https:\/\/czasopisma.pan.pl\/dlibra\/journals-index?branch=46958&amp;ipp=40&amp;p=0<\/a>\u00a0 \u2013 czasopisma techniczne PAN<\/li>\n<li><a href=\"https:\/\/www.rabdim.pl\/index.php\/rb\">https:\/\/www.rabdim.pl\/index.php\/rb<\/a> &#8211; Roads and Bridges &#8211; Drogi i Mosty &#8211; czasopismo Instytutu Badawczego Dr\u00f3g i Most\u00f3w<\/li>\n<li><a href=\"http:\/\/www.mechanik.media.pl\/archiwum.html\">http:\/\/www.mechanik.media.pl\/archiwum.html<\/a> &#8211; Mechanik &#8211; miesi\u0119cznik naukowo-techniczny czasopismo pod patronatem SIMP<\/li>\n<li><a href=\"https:\/\/oficyna.prz.edu.pl\/zeszyty-naukowe\/elektrotechnika\">https:\/\/oficyna.prz.edu.pl\/zeszyty-naukowe\/elektrotechnika<\/a>\u00a0 &#8211; Elektrotechnika &#8211; zeszyty naukowe Politechniki Rzeszowskiej<\/li>\n<li><a href=\"https:\/\/isi.wat.edu.pl\/pl\/biuletyn-instytutu-systemow-informatycznych\">https:\/\/isi.wat.edu.pl\/pl\/biuletyn-instytutu-systemow-informatycznych<\/a> &#8211; Biuletyn Instytutu System\u00f3w Informatycznych wydawany przez Wydzia\u0142 Cybernetyki Wojskowej Akademii Technicznej<\/li>\n<li><a href=\"https:\/\/www.impan.pl\/en\/publishing-house\/journals-and-series\/bulletin-polish-acad-sci-math\">https:\/\/www.impan.pl\/en\/publishing-house\/journals-and-series\/bulletin-polish-acad-sci-math<\/a>\u00a0 &#8211; Bulletin of the Polish Academy of Sciences. Mathematics &#8211; wydawany przez Instytut Matematyczny Polskiej Akademii Nauk. Najnowsze numery udost\u0119pniane s\u0105 odp\u0142atnie, zeszyty, kt\u00f3re ukaza\u0142y si\u0119 wcze\u015bniej dost\u0119pne s\u0105 w ca\u0142o\u015bci bez op\u0142at.<\/li>\n<li><a href=\"https:\/\/wydawnictwa.ptm.org.pl\/index.php\/wiadomosci-matematyczne\">https:\/\/wydawnictwa.ptm.org.pl\/index.php\/wiadomosci-matematyczne<\/a> &#8211; Wiadomo\u015bci Matematyczne &#8211; wydawnictwo Polskiego Towarzystwa Matematycznego<\/li>\n<\/ul>\n<h3><strong><a id=\"Portale_informacyjne\"><\/a>Portale informacyjne<\/strong><\/h3>\n<ul>\n<li><a href=\"https:\/\/www.ulc.gov.pl\/pl\/\">https:\/\/www.ulc.gov.pl\/pl\/<\/a> &#8211; strona Urz\u0119du Lotnictwa Cywilnego<\/li>\n<li><a href=\"https:\/\/www.easa.europa.eu\/home\">https:\/\/www.easa.europa.eu\/home<\/a>\u00a0 &#8211; strona Europejskiej Agencji Bezpiecze\u0144stwa Lotniczego<\/li>\n<li><a href=\"https:\/\/www.itb.pl\/\">https:\/\/www.itb.pl\/<\/a> &#8211; strona Instytutu Techniki\u00a0 Budowlanej<\/li>\n<li><a href=\"http:\/\/irmir.pl\/\">http:\/\/irmir.pl\/<\/a> &#8211; strona Instytutu Rozwoju Miast i Region\u00f3w<\/li>\n<li><a href=\"https:\/\/ilot.lukasiewicz.gov.pl\/\">https:\/\/ilot.lukasiewicz.gov.pl\/<\/a> \u00a0&#8211; strona Instytutu Lotnictwa \u0141ukasiewicza<\/li>\n<li><a href=\"https:\/\/home.cern\/\">https:\/\/home.cern\/<\/a> &#8211; strona CERN (European Organization for Nuclear Research)<\/li>\n<li><a href=\"https:\/\/itwl.pl\/\">https:\/\/itwl.pl\/<\/a> &#8211; strona Instytutu Technicznego Wojsk Lotniczych<\/li>\n<li><a href=\"https:\/\/simp.pl\/dzialalnosc\/wydawnictwa\/\">https:\/\/simp.pl\/dzialalnosc\/wydawnictwa\/<\/a> &#8211; strona Stowarzyszenia In\u017cynier\u00f3w i Technik\u00f3w Mechanik\u00f3w Polskich i wydawnictwa, kt\u00f3rym stowarzyszenie patronuje<\/li>\n<\/ul>\n","protected":false},"excerpt":{"rendered":"<p>E-zasoby: Matematyka, Mechanika, Budownictwo, Lotnictwo, Elektrotechnika Bazy licencjonowane Bazy Czasopisma on-line Portale informacyjne E- zasoby wed\u0142ug dziedzin: E-zasoby og\u00f3lne Pedagogika, Stosunki Mi\u0119dzynarodowe, Bezpiecze\u0144stwo Wewn\u0119trzne Matematyka, Mechanika, Budownictwo, Lotnictwo. Elektrotechnika Neofilologia Medycyna, Piel\u0119gniarstwo Rolnictwo, Dietetyka Bazy licencjonowane Bazy, do kt\u00f3rych Biblioteka PANS w Che\u0142mie ma dost\u0119p p\u0142atny (na podstawie um\u00f3w i licencji). Z tych \u017ar\u00f3de\u0142 mog\u0105 [&hellip;]<\/p>\n","protected":false},"author":1,"featured_media":0,"parent":0,"menu_order":0,"comment_status":"closed","ping_status":"closed","template":"","meta":{"footnotes":""},"class_list":["post-931","page","type-page","status-publish","hentry"],"_links":{"self":[{"href":"https:\/\/biblioteka.panschelm.edu.pl\/index.php?rest_route=\/wp\/v2\/pages\/931","targetHints":{"allow":["GET"]}}],"collection":[{"href":"https:\/\/biblioteka.panschelm.edu.pl\/index.php?rest_route=\/wp\/v2\/pages"}],"about":[{"href":"https:\/\/biblioteka.panschelm.edu.pl\/index.php?rest_route=\/wp\/v2\/types\/page"}],"author":[{"embeddable":true,"href":"https:\/\/biblioteka.panschelm.edu.pl\/index.php?rest_route=\/wp\/v2\/users\/1"}],"replies":[{"embeddable":true,"href":"https:\/\/biblioteka.panschelm.edu.pl\/index.php?rest_route=%2Fwp%2Fv2%2Fcomments&post=931"}],"version-history":[{"count":6,"href":"https:\/\/biblioteka.panschelm.edu.pl\/index.php?rest_route=\/wp\/v2\/pages\/931\/revisions"}],"predecessor-version":[{"id":1334,"href":"https:\/\/biblioteka.panschelm.edu.pl\/index.php?rest_route=\/wp\/v2\/pages\/931\/revisions\/1334"}],"wp:attachment":[{"href":"https:\/\/biblioteka.panschelm.edu.pl\/index.php?rest_route=%2Fwp%2Fv2%2Fmedia&parent=931"}],"curies":[{"name":"wp","href":"https:\/\/api.w.org\/{rel}","templated":true}]}}