{"id":933,"date":"2021-09-24T10:35:49","date_gmt":"2021-09-24T08:35:49","guid":{"rendered":"http:\/\/biblioteka.pwszchelm.edu.pl\/?page_id=933"},"modified":"2026-03-11T11:43:26","modified_gmt":"2026-03-11T10:43:26","slug":"e-zasoby-neofilologia","status":"publish","type":"page","link":"https:\/\/biblioteka.panschelm.edu.pl\/?page_id=933","title":{"rendered":"E-zasoby: Neofilologia"},"content":{"rendered":"<h2><strong>E-zasoby: Neofilologia<\/strong><\/h2>\n<ul>\n<li><a href=\"#Bazy_licencjonowane\">Bazy licencjonowane<\/a><\/li>\n<li><a href=\"#Bazy\">Bazy<\/a><\/li>\n<li><a href=\"#Biblioteki\">Biblioteki<\/a><\/li>\n<li><a href=\"#Czasopisma_on-line\">Czasopisma on-line<\/a><\/li>\n<li><a href=\"#Gazety_i_telewizja\">Gazety i telewizja<\/a><\/li>\n<li><a href=\"#Portale\">Portale<\/a><\/li>\n<li><a href=\"#S\u0142owniki\">S\u0142owniki<\/a><\/li>\n<\/ul>\n<h2><strong>E- zasoby wed\u0142ug dziedzin:<\/strong><\/h2>\n<ul>\n<li><a href=\"https:\/\/biblioteka.panschelm.edu.pl\/?page_id=44\">E-zasoby og\u00f3lne<\/a><\/li>\n<li><a href=\"https:\/\/biblioteka.panschelm.edu.pl\/?page_id=926\">Pedagogika, Stosunki Mi\u0119dzynarodowe, Bezpiecze\u0144stwo Wewn\u0119trzne<\/a><\/li>\n<li><a href=\"https:\/\/biblioteka.panschelm.edu.pl\/?page_id=931\">Matematyka, Mechanika, Budownictwo, Lotnictwo. Elektrotechnika<\/a><\/li>\n<li><a href=\"https:\/\/biblioteka.panschelm.edu.pl\/?page_id=933\">Neofilologia<\/a><\/li>\n<li><a href=\"https:\/\/biblioteka.panschelm.edu.pl\/?page_id=935\">Medycyna, Piel\u0119gniarstwo<\/a><\/li>\n<li><a href=\"https:\/\/biblioteka.panschelm.edu.pl\/?page_id=937\">Rolnictwo, Dietetyka<\/a><\/li>\n<\/ul>\n<hr \/>\n<h3><strong><a id=\"Bazy_licencjonowane\"><\/a>Bazy licencjonowane<\/strong><\/h3>\n<p>Bazy, do kt\u00f3rych Biblioteka PANS w Che\u0142mie ma dost\u0119p p\u0142atny (na podstawie um\u00f3w i licencji). Z tych \u017ar\u00f3de\u0142 mog\u0105 skorzysta\u0107 pracownicy oraz studenci PANS w Che\u0142mie. Aby uzyska\u0107 dost\u0119p nale\u017cy si\u0119 skontaktowa\u0107 z Bibliotek\u0105.<\/p>\n<p>&nbsp;<\/p>\n<p><strong><u>EBSCO<\/u> <\/strong>serwis oferuje dost\u0119p do pe\u0142nych tekst\u00f3w oraz spis\u00f3w tre\u015bci i abstrakt\u00f3w zagranicznych czasopism, tak\u017ce naukowych, obejmuj\u0105cych szeroki zakres dziedzinowy: nauki \u015bcis\u0142e, humanistyczne, spo\u0142eczne, psychologi\u0119, religi\u0119, teologi\u0119, edukacj\u0119, nauki ekonomiczne, biznes, informatyk\u0119, technik\u0119, biologi\u0119, chemi\u0119, fizyk\u0119, nauki medyczne i wiele innych. \u00a0Dost\u0119p do publikacji\u00a0 na Uczelni\u00a0 lub spoza sieci uczelnianej.<br \/>\n<a href=\"http:\/\/search.ebscohost.com\/\">http:\/\/search.ebscohost.com<\/a><\/p>\n<p><strong><u>IBUK Libra<\/u><\/strong>\u00a0 \u00a0Baza ksi\u0105\u017cek elektronicznych zawieraj\u0105ca podr\u0119czniki akademickie i publikacje naukowe.\u00a0 Dost\u0119p do publikacji\u00a0 na Uczelni\u00a0 lub spoza sieci uczelnianej na stronie libra.ibuk.pl. Uwaga! \u00a0\u00a0\u00a0Aby m\u00f3c korzysta\u0107 z zaawansowanych funkcji, nale\u017cy jednorazowo utworzy\u0107 swoje osobiste konto myIbuk.<br \/>\n<a href=\"https:\/\/libra.ibuk.pl\/\">https:\/\/libra.ibuk.pl\/<\/a><\/p>\n<p><strong><u>WBN<\/u> &#8211; <\/strong><strong>Wirtualna Biblioteka Nauki<\/strong>\u00a0 Wybrane zasoby Wirtualnej Biblioteki Nauki tworzone przez ICM (Interdyscyplinarne Centrum Modelowania Matematycznego i\u00a0 Komputerowego Uniwersytetu Warszawskiego)<\/p>\n<p><strong>Dost\u0119p tylko z komputer\u00f3w na Uczelni<\/strong>.<\/p>\n<p>Wyszukiwarki zasob\u00f3w Science Direct (Elsevier) , Springer , Wiley Online Library, bazy cytowa\u0144 i abstraktowe (Scopus, Web of Science)<br \/>\n<a href=\"https:\/\/wbn.icm.edu.pl\/\">https:\/\/wbn.icm.edu.pl\/<\/a><\/p>\n<p>&nbsp;<\/p>\n<h3><strong><a id=\"Bazy\"><\/a>Bazy<\/strong><\/h3>\n<ul>\n<li><a href=\"https:\/\/ispan.waw.pl\/default\/zasoby-cyfrowe\/\">https:\/\/ispan.waw.pl\/default\/zasoby-cyfrowe\/<\/a>\u00a0 &#8211; zasoby cyfrowe Instytutu Slawistyki PAN<\/li>\n<li><a href=\"http:\/\/www.isybislaw.ispan.waw.pl\/Main.do\">http:\/\/www.isybislaw.ispan.waw.pl\/Main.do<\/a>\u00a0 &#8211; bibliograficzna baza danych \u015bwiatowego j\u0119zykoznawstwa slawistycznego<\/li>\n<li><a href=\"https:\/\/rusneb.ru\/\">https:\/\/rusneb.ru\/<\/a>\u00a0 &#8211; Narodowa Biblioteka Elektroniczna \u00a0utworzona \u00a0przez Ministerstwo Kultury Federacji Rosyjskiej z udzia\u0142em najwi\u0119kszych bibliotek, muze\u00f3w, archiw\u00f3w, wydawc\u00f3w i innych posiadaczy praw autorskich.<\/li>\n<li><a href=\"http:\/\/www.infomotions.com\/alex\/\">http:\/\/www.infomotions.com\/alex\/<\/a>\u00a0 &#8211; zbi\u00f3r ksi\u0105\u017cek elektronicznych z zakresu angielskiej i ameryka\u0144skiej literatury pi\u0119knej, zawiera r\u00f3wnie\u017c podstawowy kanon tekst\u00f3w filozoficznych w j\u0119zyku angielskim<\/li>\n<\/ul>\n<h3><strong><a id=\"Biblioteki\"><\/a>Biblioteki<\/strong><\/h3>\n<ul>\n<li><a href=\"https:\/\/www.rsl.ru\/\">https:\/\/www.rsl.ru\/<\/a>\u00a0 &#8211; strona\u00a0 Rosyjskiej Biblioteki Pa\u0144stwowej<\/li>\n<li><a href=\"http:\/\/www.nbuv.gov.ua\">http:\/\/www.nbuv.gov.ua<\/a>\u00a0\u00a0 &#8211; strona Biblioteki Narodowej Ukrainy<\/li>\n<li><a href=\"http:\/\/memory.loc.gov\/ammem\/index.html\">http:\/\/memory.loc.gov\/ammem\/index.html<\/a>\u00a0 &#8211;\u00a0 projekt Narodowej Biblioteki Cyfrowej Stan\u00f3w Zjednoczonych; historia Ameryki na podstawie dokument\u00f3w \u017ar\u00f3d\u0142owych drukowanych, d\u017awi\u0119kowych, wideo.<\/li>\n<li><a href=\"https:\/\/www.bl.uk\/\">https:\/\/www.bl.uk\/#<\/a> &#8211; strona Biblioteki Narodowej Wielkiej Brytanii<\/li>\n<li><a href=\"https:\/\/www.londonlibrary.co.uk\/\">https:\/\/www.londonlibrary.co.uk\/<\/a> &#8211; strona The London Library<\/li>\n<li><a href=\"https:\/\/www.theeuropeanlibrary.org\/\">https:\/\/www.theeuropeanlibrary.org\/<\/a> &#8211; strona The European Library<\/li>\n<li><a href=\"https:\/\/catalog.loc.gov\/\">https:\/\/catalog.loc.gov\/<\/a> &#8211; Biblioteka Kongresu USA<\/li>\n<\/ul>\n<h3><strong><a id=\"Czasopisma_on-line\"><\/a>Czasopisma on-line<\/strong><\/h3>\n<ul>\n<li><a href=\"https:\/\/wuwr.pl\/swr\/\">https:\/\/wuwr.pl\/swr\/<\/a> &#8211; Acta Universitatis Wratislaviensis Slavica Wratislaviensia \u2013 czasopismo dotyczy literatury, kultury, j\u0119zyk\u00f3w, historii narod\u00f3w s\u0142owia\u0144skich \u00a0wydawane przez Uniwersytet Wroc\u0142awski<\/li>\n<li><a href=\"https:\/\/czasopisma.kul.pl\/teka\">https:\/\/czasopisma.kul.pl\/teka<\/a> &#8211; TEKA Komisji Polsko-Ukrai\u0144skich Zwi\u0105zk\u00f3w Kulturowych &#8211; czasopismo Komisji Polsko-Ukrai\u0144skich Zwi\u0105zk\u00f3w Kulturowych wydawane przez KUL<\/li>\n<li><a href=\"https:\/\/journals.umcs.pl\/sb\">https:\/\/journals.umcs.pl\/sb<\/a> &#8211; Studia Bia\u0142orutenistyczne &#8211; recenzowany rocznik po\u015bwi\u0119cony Bia\u0142orusi wydawany przez UMCS<\/li>\n<li><a href=\"http:\/\/acta.neofilologia.uw.edu.pl\/\">http:\/\/acta.neofilologia.uw.edu.pl\/<\/a> &#8211; Acta Philologica -publikacje na temat literaturoznawstwa i kulturoznawstwa Wydzia\u0142u Neofilologii Uniwersytetu Warszawskiego<\/li>\n<li><a href=\"https:\/\/wuwr.pl\/awr\">https:\/\/wuwr.pl\/awr<\/a> &#8211; Anglica Wratislaviensia &#8211; czasopismo w j\u0119zyku angielskim, z zakresu literatury i kultury kraj\u00f3w angielskiego obszaru j\u0119zykowego, j\u0119zykoznawstwa,\u00a0 translatoryki, wydawane przez\u00a0 Uniwersytet Wroc\u0142awski<\/li>\n<\/ul>\n<h3><strong><a id=\"Gazety_i_telewizja\"><\/a>Gazety i telewizja<\/strong><\/h3>\n<ul>\n<li><a href=\"https:\/\/iz.ru\/\">https:\/\/iz.ru\/<\/a> \u00a0&#8211; \u00a0portal \u00a0czasopisma \u00a0\u0418\u0437\u0432\u0435\u0441\u0442\u0438\u044f<\/li>\n<li><a href=\"https:\/\/www.bbc.com\">https:\/\/www.bbc.com<\/a> \u2013 strona telewizji BBC<\/li>\n<li><a href=\"https:\/\/www.theguardian.com\/uk\">https:\/\/www.theguardian.com\/uk<\/a> &#8211; strona The Guardian<\/li>\n<\/ul>\n<h3><strong><a id=\"Portale\"><\/a>Portale<\/strong><\/h3>\n<ul>\n<li><a href=\"http:\/\/gramota.ru\/\">http:\/\/gramota.ru\/<\/a> &#8211; portal informacyjny o pi\u015bmiennictwie w j\u0119zyku rosyjskim<\/li>\n<li><a href=\"http:\/\/gramma.ru\/\">http:\/\/gramma.ru\/<\/a> &#8211; portal \u00a0w j\u0119zyku rosyjskim \u2013 kultura pisania i literatura<\/li>\n<li><a href=\"https:\/\/geographyofrussia.com\/\">https:\/\/geographyofrussia.com\/<\/a> &#8211; portal w j\u0119zyku rosyjskim, dotycz\u0105cy przyrody i gospodarki Rosji<\/li>\n<li><a href=\"http:\/\/www.gutenberg.org\/ebooks\/\">http:\/\/www.gutenberg.org\/ebooks\/<\/a> &#8211;\u00a0 literatura pi\u0119kna w j\u0119zyku angielskim<\/li>\n<li><a href=\"https:\/\/ehistory.osu.edu\/\">https:\/\/ehistory.osu.edu\/<\/a>\u00a0 &#8211; materia\u0142y dotycz\u0105ce historii USA opracowane przez The Ohio State Uniwersity<\/li>\n<\/ul>\n<h3><strong><a id=\"S\u0142owniki\"><\/a>S\u0142owniki<\/strong><\/h3>\n<ul>\n<li><a href=\"https:\/\/www.oxfordlearnersdictionaries.com\">https:\/\/www.oxfordlearnersdictionaries.com<\/a>\u00a0 &#8211; Oxford University\u00a0 Dictionaries &amp; Grammar<\/li>\n<li><a href=\"https:\/\/www.ldoceonline.com\">https:\/\/www.ldoceonline.com<\/a> &#8211; Longman Dictionary of Contemporary English Online<\/li>\n<\/ul>\n","protected":false},"excerpt":{"rendered":"<p>E-zasoby: Neofilologia Bazy licencjonowane Bazy Biblioteki Czasopisma on-line Gazety i telewizja Portale S\u0142owniki E- zasoby wed\u0142ug dziedzin: E-zasoby og\u00f3lne Pedagogika, Stosunki Mi\u0119dzynarodowe, Bezpiecze\u0144stwo Wewn\u0119trzne Matematyka, Mechanika, Budownictwo, Lotnictwo. Elektrotechnika Neofilologia Medycyna, Piel\u0119gniarstwo Rolnictwo, Dietetyka Bazy licencjonowane Bazy, do kt\u00f3rych Biblioteka PANS w Che\u0142mie ma dost\u0119p p\u0142atny (na podstawie um\u00f3w i licencji). Z tych \u017ar\u00f3de\u0142 mog\u0105 [&hellip;]<\/p>\n","protected":false},"author":1,"featured_media":0,"parent":0,"menu_order":0,"comment_status":"closed","ping_status":"closed","template":"","meta":{"footnotes":""},"class_list":["post-933","page","type-page","status-publish","hentry"],"_links":{"self":[{"href":"https:\/\/biblioteka.panschelm.edu.pl\/index.php?rest_route=\/wp\/v2\/pages\/933","targetHints":{"allow":["GET"]}}],"collection":[{"href":"https:\/\/biblioteka.panschelm.edu.pl\/index.php?rest_route=\/wp\/v2\/pages"}],"about":[{"href":"https:\/\/biblioteka.panschelm.edu.pl\/index.php?rest_route=\/wp\/v2\/types\/page"}],"author":[{"embeddable":true,"href":"https:\/\/biblioteka.panschelm.edu.pl\/index.php?rest_route=\/wp\/v2\/users\/1"}],"replies":[{"embeddable":true,"href":"https:\/\/biblioteka.panschelm.edu.pl\/index.php?rest_route=%2Fwp%2Fv2%2Fcomments&post=933"}],"version-history":[{"count":4,"href":"https:\/\/biblioteka.panschelm.edu.pl\/index.php?rest_route=\/wp\/v2\/pages\/933\/revisions"}],"predecessor-version":[{"id":1336,"href":"https:\/\/biblioteka.panschelm.edu.pl\/index.php?rest_route=\/wp\/v2\/pages\/933\/revisions\/1336"}],"wp:attachment":[{"href":"https:\/\/biblioteka.panschelm.edu.pl\/index.php?rest_route=%2Fwp%2Fv2%2Fmedia&parent=933"}],"curies":[{"name":"wp","href":"https:\/\/api.w.org\/{rel}","templated":true}]}}