{"id":935,"date":"2021-09-24T10:41:19","date_gmt":"2021-09-24T08:41:19","guid":{"rendered":"http:\/\/biblioteka.pwszchelm.edu.pl\/?page_id=935"},"modified":"2026-03-11T14:26:29","modified_gmt":"2026-03-11T13:26:29","slug":"e-zasoby-medycyna-pielegniarstwo","status":"publish","type":"page","link":"https:\/\/biblioteka.panschelm.edu.pl\/?page_id=935","title":{"rendered":"E-zasoby: Medycyna, Piel\u0119gniarstwo"},"content":{"rendered":"<h2><strong>E-zasoby: Medycyna, Piel\u0119gniarstwo<\/strong><\/h2>\n<ul>\n<li><a href=\"#Bazy_licencjonowane\">Bazy licencjonowane<\/a><\/li>\n<li><a href=\"#Bazy\">Bazy<\/a><\/li>\n<li><a href=\"#Czasopisma_on-line\">Czasopisma on-line<\/a><\/li>\n<li><a href=\"#Portale_informacyjne\">Portale informacyjne<\/a><\/li>\n<\/ul>\n<h2><strong>E- zasoby wed\u0142ug dziedzin:<\/strong><\/h2>\n<ul>\n<li><a href=\"https:\/\/biblioteka.panschelm.edu.pl\/?page_id=44\">E-zasoby og\u00f3lne<\/a><\/li>\n<li><a href=\"https:\/\/biblioteka.panschelm.edu.pl\/?page_id=926\">Pedagogika, Stosunki Mi\u0119dzynarodowe, Bezpiecze\u0144stwo Wewn\u0119trzne<\/a><\/li>\n<li><a href=\"https:\/\/biblioteka.panschelm.edu.pl\/?page_id=931\">Matematyka, Mechanika, Budownictwo, Lotnictwo. Elektrotechnika<\/a><\/li>\n<li><a href=\"https:\/\/biblioteka.panschelm.edu.pl\/?page_id=933\">Neofilologia<\/a><\/li>\n<li><a href=\"https:\/\/biblioteka.panschelm.edu.pl\/?page_id=935\">Medycyna, Piel\u0119gniarstwo<\/a><\/li>\n<li><a href=\"https:\/\/biblioteka.panschelm.edu.pl\/?page_id=937\">Rolnictwo, Dietetyka<\/a><\/li>\n<\/ul>\n<hr \/>\n<h3><strong><a id=\"Bazy_licencjonowane\"><\/a>Bazy licencjonowane<\/strong><\/h3>\n<p>Bazy, do kt\u00f3rych Biblioteka PANS w Che\u0142mie ma dost\u0119p p\u0142atny (na podstawie um\u00f3w i licencji). Z tych \u017ar\u00f3de\u0142 mog\u0105 skorzysta\u0107 pracownicy oraz studenci PANS w Che\u0142mie. Aby uzyska\u0107 dost\u0119p nale\u017cy si\u0119 skontaktowa\u0107 z Bibliotek\u0105.<\/p>\n<p>&nbsp;<\/p>\n<p><strong><u>EBSCO<\/u> <\/strong>serwis oferuje dost\u0119p do pe\u0142nych tekst\u00f3w oraz spis\u00f3w tre\u015bci i abstrakt\u00f3w zagranicznych czasopism, tak\u017ce naukowych, obejmuj\u0105cych szeroki zakres dziedzinowy: nauki \u015bcis\u0142e, humanistyczne, spo\u0142eczne, psychologi\u0119, religi\u0119, teologi\u0119, edukacj\u0119, nauki ekonomiczne, biznes, informatyk\u0119, technik\u0119, biologi\u0119, chemi\u0119, fizyk\u0119, nauki medyczne i wiele innych. \u00a0Dost\u0119p do publikacji\u00a0 na Uczelni\u00a0 lub spoza sieci uczelnianej.<br \/>\n<a href=\"http:\/\/search.ebscohost.com\/\">http:\/\/search.ebscohost.com<\/a><\/p>\n<p><strong><u>IBUK Libra<\/u><\/strong>\u00a0 \u00a0Baza ksi\u0105\u017cek elektronicznych zawieraj\u0105ca podr\u0119czniki akademickie i publikacje naukowe.\u00a0 Dost\u0119p do publikacji\u00a0 na Uczelni\u00a0 lub spoza sieci uczelnianej na stronie libra.ibuk.pl. Uwaga! \u00a0\u00a0\u00a0Aby m\u00f3c korzysta\u0107 z zaawansowanych funkcji, nale\u017cy jednorazowo utworzy\u0107 swoje osobiste konto myIbuk.<br \/>\n<a href=\"https:\/\/libra.ibuk.pl\/\">https:\/\/libra.ibuk.pl\/<\/a><\/p>\n<p><strong><u>WBN<\/u> &#8211; <\/strong><strong>Wirtualna Biblioteka Nauki<\/strong>\u00a0 Wybrane zasoby Wirtualnej Biblioteki Nauki tworzone przez ICM (Interdyscyplinarne Centrum Modelowania Matematycznego i\u00a0 Komputerowego Uniwersytetu Warszawskiego)<\/p>\n<p><strong>Dost\u0119p tylko z komputer\u00f3w na Uczelni<\/strong>.<\/p>\n<p>Wyszukiwarki zasob\u00f3w Science Direct (Elsevier) , Springer , Wiley Online Library, bazy cytowa\u0144 i abstraktowe (Scopus, Web of Science)<br \/>\n<a href=\"https:\/\/wbn.icm.edu.pl\/\">https:\/\/wbn.icm.edu.pl\/<\/a><\/p>\n<p>&nbsp;<\/p>\n<h3><strong><a id=\"Bazy\"><\/a>Bazy<\/strong><\/h3>\n<ul>\n<li><a href=\"http:\/\/cejsh.icm.edu.pl\/cejsh\">http:\/\/cejsh.icm.edu.pl\/cejsh<\/a>\u00a0 &#8211; baza danych artyku\u0142\u00f3w i streszcze\u0144 z zakresu nauk humanistycznych i medycznych w j\u0119zykach narodowych\u00a0 (obejmuje Europ\u0119 \u015arodkow\u0105)<\/li>\n<li><a href=\"http:\/\/yadda.icm.edu.pl\/baztech\/browse\/articles.action\">http:\/\/yadda.icm.edu.pl\/baztech\/browse\/articles.action<\/a>\u00a0 &#8211; baza danych zawarto\u015bci polskich czasopism technicznych (tak\u017ce w aspekcie medycznym)<\/li>\n<li><a href=\"http:\/\/psjd.icm.edu.pl\/psjd\/browse\/articles-psjd.action\">http:\/\/psjd.icm.edu.pl\/psjd\/browse\/articles-psjd.action<\/a>\u00a0 &#8211; baza z zakresu nauk \u015bcis\u0142ych i medycyny<\/li>\n<li><a href=\"http:\/\/old.imp.lodz.pl\/expertus\/inf\">http:\/\/old.imp.lodz.pl\/expertus\/inf<\/a> \u00a0&#8211; bibliografia zawarto\u015bci czasopism z zakresu medycyny pracy od roku 2000 (Biblioteka Medycyny Pracy w \u0141odzi)<\/li>\n<li><a href=\"https:\/\/pubmed.ncbi.nlm.nih.gov\">https:\/\/pubmed.ncbi.nlm.nih.gov<\/a> &#8211; baza National Library of Medicine USA zawieraj\u0105ca cytaty lub linki do ca\u0142ych artyku\u0142\u00f3w<\/li>\n<li><a href=\"http:\/\/lbw1.umlub.pl\/dlibra\">http:\/\/lbw1.umlub.pl\/dlibra<\/a>\u00a0 &#8211; biblioteka cyfrowa Uniwerystetu Medycznego w Lublinie<\/li>\n<li><a href=\"http:\/\/www.freemedicaljournals.com\">http:\/\/www.freemedicaljournals.com<\/a>\u00a0 &#8211; \u00a0baza czasopism medycznych w wolnym dost\u0119pie w j\u0119zyku angielskim<\/li>\n<li><a href=\"https:\/\/czasopisma.pan.pl\/dlibra\/journals-index?branch=48217&amp;p=0&amp;ipp=40\">https:\/\/czasopisma.pan.pl\/dlibra\/journals-index?branch=48217&amp;p=0&amp;ipp=40<\/a>\u00a0 \u00a0&#8211; baza czasopism medycznych \u00a0PAN<\/li>\n<li><a href=\"https:\/\/bm.cm.uj.edu.pl\/pl\/zasoby\/czasopisma\/czasopisma-ktorych-redaktorami-naczelnymi-sa-pracownicy-uniwersytetu-jagiellonskiego-collegium-medicum\/\">https:\/\/bm.cm.uj.edu.pl\/pl\/zasoby\/czasopisma\/czasopisma-ktorych-redaktorami-naczelnymi-sa-pracownicy-uniwersytetu-jagiellonskiego-collegium-medicum\/<\/a> &#8211; \u00a0baza czasopism, kt\u00f3rych redaktorami naczelnymi s\u0105 pracownicy UJ Collegium Medicum<\/li>\n<li><a href=\"https:\/\/rcin.org.pl\/dlibra\">https:\/\/rcin.org.pl\/dlibra<\/a> &#8211; \u00a0Repozytorium Cyfrowe Instytut\u00f3w Naukowych<\/li>\n<li><a href=\"https:\/\/zenodo.org\/\">https:\/\/zenodo.org\/<\/a>\u00a0 \u00a0&#8211; repozytorium artyku\u0142\u00f3w naukowych i danych badawczych utworzonych przez Komisj\u0119 Europejsk\u0105, kt\u00f3rych \u017ar\u00f3d\u0142em finansowania s\u0105 projekty unijne<\/li>\n<\/ul>\n<h3><strong><a id=\"Czasopisma_on-line\"><\/a>Czasopisma on-line<\/strong><\/h3>\n<ul>\n<li><a href=\"https:\/\/czasopisma.umlub.pl\/curipms\">http:\/\/www.curipms.umlub.pl<\/a>\u00a0 &#8211; <em>Current Issues in Pharmacy and Medical Sciences &#8211; <\/em>czasopismo Uniwersytetu Medycznego w Lublinie w j\u0119zyku angielskim<\/li>\n<li><a href=\"https:\/\/czasopisma.umlub.pl\/piel21w\">http:\/\/www.piel21w.umlub.pl<\/a>\u00a0 Piel\u0119gniarstwo XXI wieku &#8211; czasopismo Uniwersytetu Medycznego w Lublinie<\/li>\n<li><a href=\"https:\/\/apcz.umk.pl\/PNIN\/issue\/view\/3167\">https:\/\/www.jnnn.pl\/index.php\/neurological-and-neurosurgical\/issue\/view\/53<\/a> &#8211; Piel\u0119gniarstwo Neurologiczne i Neurochirurgiczne \u2013 wydawane przez Pa\u0144stwow\u0105 Uczelni\u0119 Zawodow\u0105 we W\u0142oc\u0142awku<\/li>\n<li><a href=\"https:\/\/www.termedia.pl\/Czasopismo\/Pielegniarstwo_Chirurgiczne_i_Angiologiczne-50\">https:\/\/www.termedia.pl\/Czasopismo\/Pielegniarstwo_Chirurgiczne_i_Angiologiczne-50<\/a> Piel\u0119gniarstwo Chirurgiczne i Angiologiczne\/Surgical and Vascular Nursing &#8211; Organ Polskiego Towarzystwa Piel\u0119gniarstwa Angiologicznego<\/li>\n<li><a href=\"https:\/\/www.monz.pl\">https:\/\/www.monz.pl<\/a> &#8211; Medycyna Og\u00f3lna i Nauki o Zdrowiu- kwartalnik wydawany przez Instytut Medycyny Wsi im. Witolda Chod\u017aki w Lublinie<\/li>\n<li><a href=\"https:\/\/www.environmed.pl\/\">https:\/\/www.environmed.pl\/<\/a> &#8211; Medycyna \u015arodowiskowa\u00a0 &#8211; Environmental Medicine \u2013 kwartalnik wydawany przez Instytut Medycyny Wsi im. Witolda Chod\u017aki w Lublinie<\/li>\n<li><a href=\"https:\/\/ltcn.eu\/Czasopismo\/Pielegniarstwo_w_Opiece_Dlugoterminowej-150\">https:\/\/ltcn.eu\/Czasopismo\/Pielegniarstwo_w_Opiece_Dlugoterminowej-150<\/a> &#8211; Piel\u0119gniarstwo w Opiece D\u0142ugoterminowej \/ Long-Term Care Nursing &#8211; kwartalnik mi\u0119dzynarodowy<\/li>\n<\/ul>\n<h3><strong><a id=\"Portale_informacyjne\"><\/a>Portale informacyjne<\/strong><\/h3>\n<ul>\n<li><a href=\"https:\/\/ppm.edu.pl\/index.seam\">https:\/\/ppm.edu.pl\/index.seam<\/a>\u00a0 &#8211;\u00a0 Polska Platforma Medyczna<\/li>\n<li><a href=\"https:\/\/www.gbl.waw.pl\/\">https:\/\/www.gbl.waw.pl\/<\/a> &#8211;\u00a0 G\u0142\u00f3wna Biblioteka Lekarska<\/li>\n<li><a href=\"https:\/\/nipip.pl\/\">https:\/\/nipip.pl\/<\/a>\u00a0 &#8211;\u00a0 strona Naczelnej Izby Piel\u0119gniarek i Po\u0142o\u017cnych<\/li>\n<li><a href=\"https:\/\/www.pzh.gov.pl\/\">https:\/\/www.pzh.gov.pl\/<\/a>\u00a0\u00a0 &#8211; strona Narodowego Instytutu Zdrowia Publicznego<\/li>\n<li><a href=\"https:\/\/nursing.com.pl\/\">https:\/\/nursing.com.pl\/<\/a>\u00a0 &#8211; <em>portal<\/em> Wydawnictwa Lekarskiego PZWL dla <em>piel\u0119gniarek<\/em><em>,<\/em> piel\u0119gniarzy, po\u0142o\u017cnych oraz student\u00f3w tych kierunk\u00f3w<\/li>\n<li><a href=\"https:\/\/www.who.int\/\">https:\/\/www.who.int\/<\/a>\u00a0 &#8211; Strona \u015awiatowej Organizacji Zdrowia<\/li>\n<li><a href=\"https:\/\/www.mp.pl\/\">https:\/\/www.mp.pl\/<\/a> &#8211; Medycyna Praktyczna &#8211; portal lekarzy<\/li>\n<li><a href=\"https:\/\/www.pielegniarki.info.pl\/\">https:\/\/www.pielegniarki.info.pl\/<\/a> &#8211; portal piel\u0119gniarek i po\u0142o\u017cnych<\/li>\n<li><a href=\"https:\/\/pielegniarki.com.pl\/\">https:\/\/pielegniarki.com.pl\/<\/a> &#8211; piel\u0119gniarstwo i po\u0142o\u017cnictwo w praktyce<\/li>\n<li><a href=\"https:\/\/ratownicy24.pl\">https:\/\/ratownicy24.pl<\/a>\/ \u2013 portal dla ratownik\u00f3w medycznych<\/li>\n<li><a href=\"https:\/\/pulsmedycyny.pl\">https:\/\/pulsmedycyny.pl<\/a>\/ \u2013 medyczny serwis internetowy<\/li>\n<\/ul>\n","protected":false},"excerpt":{"rendered":"<p>E-zasoby: Medycyna, Piel\u0119gniarstwo Bazy licencjonowane Bazy Czasopisma on-line Portale informacyjne E- zasoby wed\u0142ug dziedzin: E-zasoby og\u00f3lne Pedagogika, Stosunki Mi\u0119dzynarodowe, Bezpiecze\u0144stwo Wewn\u0119trzne Matematyka, Mechanika, Budownictwo, Lotnictwo. Elektrotechnika Neofilologia Medycyna, Piel\u0119gniarstwo Rolnictwo, Dietetyka Bazy licencjonowane Bazy, do kt\u00f3rych Biblioteka PANS w Che\u0142mie ma dost\u0119p p\u0142atny (na podstawie um\u00f3w i licencji). Z tych \u017ar\u00f3de\u0142 mog\u0105 skorzysta\u0107 pracownicy oraz [&hellip;]<\/p>\n","protected":false},"author":1,"featured_media":0,"parent":0,"menu_order":0,"comment_status":"closed","ping_status":"closed","template":"","meta":{"footnotes":""},"class_list":["post-935","page","type-page","status-publish","hentry"],"_links":{"self":[{"href":"https:\/\/biblioteka.panschelm.edu.pl\/index.php?rest_route=\/wp\/v2\/pages\/935","targetHints":{"allow":["GET"]}}],"collection":[{"href":"https:\/\/biblioteka.panschelm.edu.pl\/index.php?rest_route=\/wp\/v2\/pages"}],"about":[{"href":"https:\/\/biblioteka.panschelm.edu.pl\/index.php?rest_route=\/wp\/v2\/types\/page"}],"author":[{"embeddable":true,"href":"https:\/\/biblioteka.panschelm.edu.pl\/index.php?rest_route=\/wp\/v2\/users\/1"}],"replies":[{"embeddable":true,"href":"https:\/\/biblioteka.panschelm.edu.pl\/index.php?rest_route=%2Fwp%2Fv2%2Fcomments&post=935"}],"version-history":[{"count":12,"href":"https:\/\/biblioteka.panschelm.edu.pl\/index.php?rest_route=\/wp\/v2\/pages\/935\/revisions"}],"predecessor-version":[{"id":1340,"href":"https:\/\/biblioteka.panschelm.edu.pl\/index.php?rest_route=\/wp\/v2\/pages\/935\/revisions\/1340"}],"wp:attachment":[{"href":"https:\/\/biblioteka.panschelm.edu.pl\/index.php?rest_route=%2Fwp%2Fv2%2Fmedia&parent=935"}],"curies":[{"name":"wp","href":"https:\/\/api.w.org\/{rel}","templated":true}]}}