{"id":937,"date":"2021-09-24T10:46:29","date_gmt":"2021-09-24T08:46:29","guid":{"rendered":"http:\/\/biblioteka.pwszchelm.edu.pl\/?page_id=937"},"modified":"2026-03-11T11:44:41","modified_gmt":"2026-03-11T10:44:41","slug":"e-zasoby-rolnictwo-dietetyka","status":"publish","type":"page","link":"https:\/\/biblioteka.panschelm.edu.pl\/?page_id=937","title":{"rendered":"E-zasoby: Rolnictwo, Dietetyka"},"content":{"rendered":"<h2><strong>E-zasoby: Rolnictwo, Dietetyka<\/strong><\/h2>\n<ul>\n<li><a href=\"#Bazy_licencjonowane\">Bazy licencjonowane<\/a><\/li>\n<li><a href=\"#Bazy\">Bazy<\/a><\/li>\n<li><a href=\"#Czasopisma_on-line\">Czasopisma on-line<\/a><\/li>\n<li><a href=\"#Portale_informacyjne\">Portale informacyjne<\/a><\/li>\n<\/ul>\n<h2><strong>E- zasoby wed\u0142ug dziedzin:<\/strong><\/h2>\n<ul>\n<li><a href=\"https:\/\/biblioteka.panschelm.edu.pl\/?page_id=44\">E-zasoby og\u00f3lne<\/a><\/li>\n<li><a href=\"https:\/\/biblioteka.panschelm.edu.pl\/?page_id=926\">Pedagogika, Stosunki Mi\u0119dzynarodowe, Bezpiecze\u0144stwo Wewn\u0119trzne<\/a><\/li>\n<li><a href=\"https:\/\/biblioteka.panschelm.edu.pl\/?page_id=931\">Matematyka, Mechanika, Budownictwo, Lotnictwo. Elektrotechnika<\/a><\/li>\n<li><a href=\"https:\/\/biblioteka.panschelm.edu.pl\/?page_id=933\">Neofilologia<\/a><\/li>\n<li><a href=\"https:\/\/biblioteka.panschelm.edu.pl\/?page_id=935\">Medycyna, Piel\u0119gniarstwo<\/a><\/li>\n<li><a href=\"https:\/\/biblioteka.panschelm.edu.pl\/?page_id=937\">Rolnictwo, Dietetyka<\/a><\/li>\n<\/ul>\n<hr \/>\n<h3><strong><a id=\"Bazy_licencjonowane\"><\/a>Bazy licencjonowane<\/strong><\/h3>\n<p>Bazy, do kt\u00f3rych Biblioteka PANS w Che\u0142mie ma dost\u0119p p\u0142atny (na podstawie um\u00f3w i licencji). Z tych \u017ar\u00f3de\u0142 mog\u0105 skorzysta\u0107 pracownicy oraz studenci PANS w Che\u0142mie. Aby uzyska\u0107 dost\u0119p nale\u017cy si\u0119 skontaktowa\u0107 z Bibliotek\u0105.<\/p>\n<p>&nbsp;<\/p>\n<p><strong><u>EBSCO<\/u> <\/strong>serwis oferuje dost\u0119p do pe\u0142nych tekst\u00f3w oraz spis\u00f3w tre\u015bci i abstrakt\u00f3w zagranicznych czasopism, tak\u017ce naukowych, obejmuj\u0105cych szeroki zakres dziedzinowy: nauki \u015bcis\u0142e, humanistyczne, spo\u0142eczne, psychologi\u0119, religi\u0119, teologi\u0119, edukacj\u0119, nauki ekonomiczne, biznes, informatyk\u0119, technik\u0119, biologi\u0119, chemi\u0119, fizyk\u0119, nauki medyczne i wiele innych. \u00a0Dost\u0119p do publikacji\u00a0 na Uczelni\u00a0 lub spoza sieci uczelnianej.<br \/>\n<a href=\"http:\/\/search.ebscohost.com\/\">http:\/\/search.ebscohost.com<\/a><\/p>\n<p><strong><u>IBUK Libra<\/u><\/strong>\u00a0 \u00a0Baza ksi\u0105\u017cek elektronicznych zawieraj\u0105ca podr\u0119czniki akademickie i publikacje naukowe.\u00a0 Dost\u0119p do publikacji\u00a0 na Uczelni\u00a0 lub spoza sieci uczelnianej na stronie libra.ibuk.pl. Uwaga! \u00a0\u00a0\u00a0Aby m\u00f3c korzysta\u0107 z zaawansowanych funkcji, nale\u017cy jednorazowo utworzy\u0107 swoje osobiste konto myIbuk.<br \/>\n<a href=\"https:\/\/libra.ibuk.pl\/\">https:\/\/libra.ibuk.pl\/<\/a><\/p>\n<p><strong><u>WBN<\/u> &#8211; <\/strong><strong>Wirtualna Biblioteka Nauki<\/strong>\u00a0 Wybrane zasoby Wirtualnej Biblioteki Nauki tworzone przez ICM (Interdyscyplinarne Centrum Modelowania Matematycznego i\u00a0 Komputerowego Uniwersytetu Warszawskiego)<\/p>\n<p><strong>Dost\u0119p tylko z komputer\u00f3w na Uczelni<\/strong>.<\/p>\n<p>Wyszukiwarki zasob\u00f3w Science Direct (Elsevier) , Springer , Wiley Online Library, bazy cytowa\u0144 i abstraktowe (Scopus, Web of Science)<br \/>\n<a href=\"https:\/\/wbn.icm.edu.pl\/\">https:\/\/wbn.icm.edu.pl\/<\/a><\/p>\n<p>&nbsp;<\/p>\n<h3><strong><a id=\"Bazy\"><\/a>Bazy<\/strong><\/h3>\n<ul>\n<li><a href=\"https:\/\/cbr.gov.pl\/index.php\/bazy-danych.html\">https:\/\/cbr.gov.pl\/index.php\/bazy-danych.html<\/a>\u00a0 &#8211;\u00a0 bazy danych Centralnej Biblioteki Rolniczej (SIG\u017b, SIBROL, AGRIS)<\/li>\n<li><a href=\"http:\/\/mars.cbr.edu.pl:8080\/dlibra\">http:\/\/mars.cbr.edu.pl:8080\/dlibra<\/a>\u00a0 &#8211; Rolnicza Biblioteka Cyfrowa serwis utworzony przez Centraln\u0105 Bibliotek\u0119 Rolnicz\u0105 w Warszawie<\/li>\n<li><a href=\"http:\/\/agro.icm.edu.pl\/agro\/search\/article.action;jsessionid=A16CC4639F4F05CC7E4DB5FC67EA6FDC?cid=adfa9e78-c392-4218-a466-a4cd91ccf2d1\">http:\/\/agro.icm.edu.pl\/agro\/search\/article.action;jsessionid=A16CC4639F4F05CC7E4DB5FC67EA6FDC?cid=adfa9e78-c392-4218-a466-a4cd91ccf2d1<\/a> &#8211; \u00a0Baza Agro \u2013 cyfrowe zasoby polskich czasopism z nauk przyrodniczych i rolniczych<\/li>\n<li><a href=\"http:\/\/weblis.ibles.pl\/libcat\/index.html\">http:\/\/weblis.ibles.pl\/libcat\/index.html<\/a>\u00a0 &#8211; baza Instytutu Badawczego Le\u015bnictwa<\/li>\n<li><a href=\"https:\/\/agris.fao.org\/agris-search\/index.do\">https:\/\/agris.fao.org\/agris-search\/index.do<\/a> \u00a0&#8211; baza FAO (Food and Agriculture Organization of the United Nations)<\/li>\n<li><a href=\"https:\/\/katalog.pgi.gov.pl\/F\/?func=find-b-0&amp;local_base=pgi03\">https:\/\/katalog.pgi.gov.pl\/\/F\/?func=find-b-0&amp;local_base=pgi03<\/a> \u00a0&#8211; \u00a0baza zawieraj\u0105ca bibliografi\u0119 z zakresu Geologii Polski<\/li>\n<li><a href=\"https:\/\/www.ierigz.waw.pl\/szukaj\">https:\/\/www.ierigz.waw.pl\/szukaj<\/a> \u00a0&#8211; wyszukiwarka\u00a0 przeszukuj\u0105ca zasoby Instytutu Ekonomiki Rolnictwa i Gospodarki \u017bywno\u015bciowej Pa\u0144stwowego Instytutu Badawczego<\/li>\n<li><a href=\"https:\/\/czasopisma.pan.pl\/dlibra\/journals-index?branch=46954&amp;ipp=40&amp;p=0\">https:\/\/czasopisma.pan.pl\/dlibra\/journals-index?branch=46954&amp;ipp=40&amp;p=0<\/a> \u00a0&#8211; baza czasopism biologicznych i rolniczych PAN<\/li>\n<li><a href=\"https:\/\/agricola.nal.usda.gov\/\">https:\/\/agricola.nal.usda.gov\/<\/a> &#8211; baza \u00a0zawieraj\u0105ca opisy \u00a0ksi\u0105\u017cek i czasopism notowanych przez Narodow\u0105 Bibliotek\u0119 Rolnicz\u0105 USA i instytucje z ni\u0105 wsp\u00f3\u0142pracuj\u0105ce.<\/li>\n<li><a href=\"https:\/\/usain.org\/Links-for-Agricultural-Librarians\">https:\/\/usain.org\/Links-for-Agricultural-Librarians<\/a> &#8211; informacja o publikacjach rolniczych w Stanach Zjednoczonych prowadzona przez USAIN (United States Agricultural\u00a0 Information Network) <a href=\"http:\/\/psjd.icm.edu.pl\/psjd\/browse\/articles-psjd.action\">http:\/\/psjd.icm.edu.pl\/psjd\/browse\/articles-psjd.action<\/a>\u00a0 &#8211; baza z zakresu nauk \u015bcis\u0142ych i rolnictwa<\/li>\n<li><a href=\"https:\/\/baztech.icm.edu.pl\/\">https:\/\/baztech.icm.edu.pl\/<\/a>\u00a0 &#8211; baza danych o zawarto\u015bci polskich czasopism technicznych i o ochronie \u015brodowiska<\/li>\n<\/ul>\n<h3><strong><a id=\"Czasopisma_on-line\"><\/a>Czasopisma on-line<\/strong><\/h3>\n<ul>\n<li><a href=\"https:\/\/www.wydawnictwosggw.pl\/s\/czasopisma\/\">https:\/\/www.wydawnictwosggw.pl\/s\/czasopisma\/<\/a> &#8211; czasopisma\u00a0 wydawane przez SGGW<\/li>\n<li><a href=\"https:\/\/www.cbr.gov.pl\/index.php\/kwartalnik-kultura-wsi\">https:\/\/www.cbr.gov.pl\/index.php\/kwartalnik-kultura-wsi<\/a> &#8211; Kultura Wsi. Ludzie Wydarzenia Przemiany- kwartalnik popularnonaukowy Centralnej Biblioteki Rolniczej<\/li>\n<li><a href=\"http:\/\/www.zer.waw.pl\/\">http:\/\/www.zer.waw.pl\/<\/a> &#8211; Zagadnienia Ekonomiki Rolnej \/ Problems of Agricultural Economics -czasopismo wydawane przez Instytut Ekonomiki Rolnictwa i Gospodarki \u017bywno\u015bciowej Pa\u0144stwowego Instytutu Badawczego<\/li>\n<\/ul>\n<h3><strong><a id=\"Portale_informacyjne\"><\/a>Portale informacyjne<\/strong><\/h3>\n<ul>\n<li><a href=\"https:\/\/atlas.roslin.pl\">https:\/\/atlas.roslin.pl<\/a>\u00a0\u00a0 &#8211; atlas ro\u015blin<\/li>\n<li><a href=\"https:\/\/pubag.nal.usda.gov\/\">https:\/\/pubag.nal.usda.gov\/<\/a>\u00a0 &#8211; dane dotycz\u0105ce rolnictwa w USA publikowane przez Departament Rolnictwa Stan\u00f3w Zjednoczonych<\/li>\n<li><a href=\"https:\/\/www.iop.krakow.pl\/ias\/zasoby\/bazy-danych\">https:\/\/www.iop.krakow.pl\/ias\/zasoby\/bazy-danych<\/a>\u00a0 &#8211; projekt Instytutu Ochrony Przyrody PAN zawieraj\u0105cy dane o\u00a0 gatunkach obcych w Polsce<\/li>\n<li><a href=\"https:\/\/www.pzh.gov.pl\/serwisy-tematyczne\/instytut-zywnosci-i-zywienia\/\">https:\/\/www.pzh.gov.pl\/serwisy-tematyczne\/instytut-zywnosci-i-zywienia\/<\/a> &#8211; strona Narodowego Instytutu \u017bywno\u015bci i \u017bywienia<\/li>\n<li>\u00a0 <a href=\"https:\/\/www.ihar.edu.pl\/\">https:\/\/www.ihar.edu.pl\/<\/a>\u00a0 &#8211; strona Instytutu Hodowli i Aklimatyzacji Ro\u015blin Pa\u0144stwowego Instytutu Badawczego oraz przydatne linki<\/li>\n<\/ul>\n","protected":false},"excerpt":{"rendered":"<p>E-zasoby: Rolnictwo, Dietetyka Bazy licencjonowane Bazy Czasopisma on-line Portale informacyjne E- zasoby wed\u0142ug dziedzin: E-zasoby og\u00f3lne Pedagogika, Stosunki Mi\u0119dzynarodowe, Bezpiecze\u0144stwo Wewn\u0119trzne Matematyka, Mechanika, Budownictwo, Lotnictwo. Elektrotechnika Neofilologia Medycyna, Piel\u0119gniarstwo Rolnictwo, Dietetyka Bazy licencjonowane Bazy, do kt\u00f3rych Biblioteka PANS w Che\u0142mie ma dost\u0119p p\u0142atny (na podstawie um\u00f3w i licencji). Z tych \u017ar\u00f3de\u0142 mog\u0105 skorzysta\u0107 pracownicy oraz [&hellip;]<\/p>\n","protected":false},"author":1,"featured_media":0,"parent":0,"menu_order":0,"comment_status":"closed","ping_status":"closed","template":"","meta":{"footnotes":""},"class_list":["post-937","page","type-page","status-publish","hentry"],"_links":{"self":[{"href":"https:\/\/biblioteka.panschelm.edu.pl\/index.php?rest_route=\/wp\/v2\/pages\/937","targetHints":{"allow":["GET"]}}],"collection":[{"href":"https:\/\/biblioteka.panschelm.edu.pl\/index.php?rest_route=\/wp\/v2\/pages"}],"about":[{"href":"https:\/\/biblioteka.panschelm.edu.pl\/index.php?rest_route=\/wp\/v2\/types\/page"}],"author":[{"embeddable":true,"href":"https:\/\/biblioteka.panschelm.edu.pl\/index.php?rest_route=\/wp\/v2\/users\/1"}],"replies":[{"embeddable":true,"href":"https:\/\/biblioteka.panschelm.edu.pl\/index.php?rest_route=%2Fwp%2Fv2%2Fcomments&post=937"}],"version-history":[{"count":4,"href":"https:\/\/biblioteka.panschelm.edu.pl\/index.php?rest_route=\/wp\/v2\/pages\/937\/revisions"}],"predecessor-version":[{"id":1337,"href":"https:\/\/biblioteka.panschelm.edu.pl\/index.php?rest_route=\/wp\/v2\/pages\/937\/revisions\/1337"}],"wp:attachment":[{"href":"https:\/\/biblioteka.panschelm.edu.pl\/index.php?rest_route=%2Fwp%2Fv2%2Fmedia&parent=937"}],"curies":[{"name":"wp","href":"https:\/\/api.w.org\/{rel}","templated":true}]}}